{"id":190,"date":"2020-07-15T01:05:28","date_gmt":"2020-07-15T01:05:28","guid":{"rendered":"http:\/\/blgjustice.com\/?page_id=190"},"modified":"2022-09-23T00:12:17","modified_gmt":"2022-09-23T00:12:17","slug":"premises-liability-accident","status":"publish","type":"page","link":"https:\/\/blgjustice.com\/es\/practice-areas\/personal-injury\/premises-liability-accident\/","title":{"rendered":"Accidente de responsabilidad de locales"},"content":{"rendered":"<h3>Abogado de responsabilidad de locales de Irvine<\/h3>\n<p>Brockmeier Law Group (BLG) trabajar\u00e1 de su lado para determinar la causa de su lesi\u00f3n y la parte culpable. BLG buscar\u00e1 una compensaci\u00f3n en su nombre.<\/p>\n<h4>Las causas de responsabilidad de la premisa pueden incluir<\/h4>\n<ul>\n<li>Casos de resbalones y ca\u00eddas<\/li>\n<li><a href=\"http:\/\/blgjustice.com\/es\/obstructed-walkways-and-sidewalks-a-danger-to-all\/\">Pasarelas obstruidas<\/a><\/li>\n<li>Choque y \/ o electrocuci\u00f3n<\/li>\n<li>Faltan barandillas y \/ o cercas<\/li>\n<li>Violaciones de c\u00f3digo<\/li>\n<li>Seguridad inadecuada<\/li>\n<li>Construcci\u00f3n inadecuada<\/li>\n<li><a href=\"http:\/\/blgjustice.com\/es\/who-is-liable-for-staircase-accidents-in-california\/\">Accidentes de escaleras<\/a><\/li>\n<\/ul>\n<h4>Las lesiones por responsabilidad civil en el local pueden incluir<\/h4>\n<ul>\n<li>Cuello<\/li>\n<li>Columna vertebral<\/li>\n<li>Ligamento<\/li>\n<li><a href=\"http:\/\/blgjustice.com\/es\/car-accident-broken-bones-injuries-in-california\/\">Huesos rotos<\/a><\/li>\n<li>Quemaduras<\/li>\n<\/ul>","protected":false},"excerpt":{"rendered":"<p>Irvine Premises Liability Lawyer Brockmeier Law Group (BLG) will work on your side to determine the cause of your injury and the party at fault. BLG will pursue compensation on your behalf. Premise Liability Causes May Include Slip and fall cases Obstructed walkways Shock and\/or electrocution Missing guardrails and\/or fencing Code violations Inadequate security Inadequate [&hellip;]<\/p>\n","protected":false},"author":1,"featured_media":1099,"parent":77,"menu_order":0,"comment_status":"closed","ping_status":"closed","template":"page-area.php","meta":{"_acf_changed":false,"footnotes":""},"acf":[],"yoast_head":"<!-- This site is optimized with the Yoast SEO plugin v24.5 - https:\/\/yoast.com\/wordpress\/plugins\/seo\/ -->\n<title>Irvine Premises Liability Attorney | Premises Liability Lawyer Irvine<\/title>\n<meta name=\"description\" content=\"Brockmeier Law Group (BLG) will work on your side to determine the cause of your injury and the party at fault.\" \/>\n<meta name=\"robots\" content=\"index, follow, max-snippet:-1, max-image-preview:large, max-video-preview:-1\" \/>\n<link rel=\"canonical\" href=\"https:\/\/blgjustice.com\/es\/practice-areas\/personal-injury\/premises-liability-accident\/\" \/>\n<meta property=\"og:locale\" content=\"es_MX\" \/>\n<meta property=\"og:type\" content=\"article\" \/>\n<meta property=\"og:title\" content=\"Irvine Premises Liability Attorney | Premises Liability Lawyer Irvine\" \/>\n<meta property=\"og:description\" content=\"Brockmeier Law Group (BLG) will work on your side to determine the cause of your injury and the party at fault.\" \/>\n<meta property=\"og:url\" content=\"https:\/\/blgjustice.com\/es\/practice-areas\/personal-injury\/premises-liability-accident\/\" \/>\n<meta property=\"og:site_name\" content=\"Brockmeier Law Group\" \/>\n<meta property=\"article:modified_time\" content=\"2022-09-23T00:12:17+00:00\" \/>\n<meta property=\"og:image\" content=\"https:\/\/blgjustice.com\/wp-content\/uploads\/2022\/09\/Business-man-stepping-on-banana-skin-peel.jpg\" \/>\n\t<meta property=\"og:image:width\" content=\"964\" \/>\n\t<meta property=\"og:image:height\" content=\"401\" \/>\n\t<meta property=\"og:image:type\" content=\"image\/jpeg\" \/>\n<meta name=\"twitter:card\" content=\"summary_large_image\" \/>\n<meta name=\"twitter:label1\" content=\"Tiempo de lectura\" \/>\n\t<meta name=\"twitter:data1\" content=\"1 minuto\" \/>\n<script type=\"application\/ld+json\" class=\"yoast-schema-graph\">{\"@context\":\"https:\/\/schema.org\",\"@graph\":[{\"@type\":\"WebPage\",\"@id\":\"https:\/\/blgjustice.com\/practice-areas\/personal-injury\/premises-liability-accident\/\",\"url\":\"https:\/\/blgjustice.com\/practice-areas\/personal-injury\/premises-liability-accident\/\",\"name\":\"Irvine Premises Liability Attorney | Premises Liability Lawyer Irvine\",\"isPartOf\":{\"@id\":\"https:\/\/www.blgjustice.com\/#website\"},\"primaryImageOfPage\":{\"@id\":\"https:\/\/blgjustice.com\/practice-areas\/personal-injury\/premises-liability-accident\/#primaryimage\"},\"image\":{\"@id\":\"https:\/\/blgjustice.com\/practice-areas\/personal-injury\/premises-liability-accident\/#primaryimage\"},\"thumbnailUrl\":\"https:\/\/blgjustice.com\/wp-content\/uploads\/2022\/09\/Business-man-stepping-on-banana-skin-peel.jpg\",\"datePublished\":\"2020-07-15T01:05:28+00:00\",\"dateModified\":\"2022-09-23T00:12:17+00:00\",\"description\":\"Brockmeier Law Group (BLG) will work on your side to determine the cause of your injury and the party at fault.\",\"breadcrumb\":{\"@id\":\"https:\/\/blgjustice.com\/practice-areas\/personal-injury\/premises-liability-accident\/#breadcrumb\"},\"inLanguage\":\"es\",\"potentialAction\":[{\"@type\":\"ReadAction\",\"target\":[\"https:\/\/blgjustice.com\/practice-areas\/personal-injury\/premises-liability-accident\/\"]}]},{\"@type\":\"ImageObject\",\"inLanguage\":\"es\",\"@id\":\"https:\/\/blgjustice.com\/practice-areas\/personal-injury\/premises-liability-accident\/#primaryimage\",\"url\":\"https:\/\/blgjustice.com\/wp-content\/uploads\/2022\/09\/Business-man-stepping-on-banana-skin-peel.jpg\",\"contentUrl\":\"https:\/\/blgjustice.com\/wp-content\/uploads\/2022\/09\/Business-man-stepping-on-banana-skin-peel.jpg\",\"width\":964,\"height\":401,\"caption\":\"business man stepping on banana skin peel\"},{\"@type\":\"BreadcrumbList\",\"@id\":\"https:\/\/blgjustice.com\/practice-areas\/personal-injury\/premises-liability-accident\/#breadcrumb\",\"itemListElement\":[{\"@type\":\"ListItem\",\"position\":1,\"name\":\"Home\",\"item\":\"https:\/\/www.blgjustice.com\/\"},{\"@type\":\"ListItem\",\"position\":2,\"name\":\"Practice Areas\",\"item\":\"https:\/\/blgjustice.com\/es\/practice-areas\/\"},{\"@type\":\"ListItem\",\"position\":3,\"name\":\"Personal Injury\",\"item\":\"https:\/\/blgjustice.com\/es\/practice-areas\/personal-injury\/\"},{\"@type\":\"ListItem\",\"position\":4,\"name\":\"Premises Liability Accident\"}]},{\"@type\":\"WebSite\",\"@id\":\"https:\/\/www.blgjustice.com\/#website\",\"url\":\"https:\/\/www.blgjustice.com\/\",\"name\":\"Brockmeier Law Group\",\"description\":\"\",\"potentialAction\":[{\"@type\":\"SearchAction\",\"target\":{\"@type\":\"EntryPoint\",\"urlTemplate\":\"https:\/\/www.blgjustice.com\/?s={search_term_string}\"},\"query-input\":{\"@type\":\"PropertyValueSpecification\",\"valueRequired\":true,\"valueName\":\"search_term_string\"}}],\"inLanguage\":\"es\"}]}<\/script>\n<!-- \/ Yoast SEO plugin. -->","yoast_head_json":{"title":"Abogado de responsabilidad civil de Irvine | Abogado de responsabilidad civil de Irvine","description":"Brockmeier Law Group (BLG) trabajar\u00e1 de su lado para determinar la causa de su lesi\u00f3n y la parte culpable.","robots":{"index":"index","follow":"follow","max-snippet":"max-snippet:-1","max-image-preview":"max-image-preview:large","max-video-preview":"max-video-preview:-1"},"canonical":"https:\/\/blgjustice.com\/es\/practice-areas\/personal-injury\/premises-liability-accident\/","og_locale":"es_MX","og_type":"article","og_title":"Irvine Premises Liability Attorney | Premises Liability Lawyer Irvine","og_description":"Brockmeier Law Group (BLG) will work on your side to determine the cause of your injury and the party at fault.","og_url":"https:\/\/blgjustice.com\/es\/practice-areas\/personal-injury\/premises-liability-accident\/","og_site_name":"Brockmeier Law Group","article_modified_time":"2022-09-23T00:12:17+00:00","og_image":[{"width":964,"height":401,"url":"https:\/\/blgjustice.com\/wp-content\/uploads\/2022\/09\/Business-man-stepping-on-banana-skin-peel.jpg","type":"image\/jpeg"}],"twitter_card":"summary_large_image","twitter_misc":{"Tiempo de lectura":"1 minuto"},"schema":{"@context":"https:\/\/schema.org","@graph":[{"@type":"WebPage","@id":"https:\/\/blgjustice.com\/practice-areas\/personal-injury\/premises-liability-accident\/","url":"https:\/\/blgjustice.com\/practice-areas\/personal-injury\/premises-liability-accident\/","name":"Abogado de responsabilidad civil de Irvine | Abogado de responsabilidad civil de Irvine","isPartOf":{"@id":"https:\/\/www.blgjustice.com\/#website"},"primaryImageOfPage":{"@id":"https:\/\/blgjustice.com\/practice-areas\/personal-injury\/premises-liability-accident\/#primaryimage"},"image":{"@id":"https:\/\/blgjustice.com\/practice-areas\/personal-injury\/premises-liability-accident\/#primaryimage"},"thumbnailUrl":"https:\/\/blgjustice.com\/wp-content\/uploads\/2022\/09\/Business-man-stepping-on-banana-skin-peel.jpg","datePublished":"2020-07-15T01:05:28+00:00","dateModified":"2022-09-23T00:12:17+00:00","description":"Brockmeier Law Group (BLG) trabajar\u00e1 de su lado para determinar la causa de su lesi\u00f3n y la parte culpable.","breadcrumb":{"@id":"https:\/\/blgjustice.com\/practice-areas\/personal-injury\/premises-liability-accident\/#breadcrumb"},"inLanguage":"es","potentialAction":[{"@type":"ReadAction","target":["https:\/\/blgjustice.com\/practice-areas\/personal-injury\/premises-liability-accident\/"]}]},{"@type":"ImageObject","inLanguage":"es","@id":"https:\/\/blgjustice.com\/practice-areas\/personal-injury\/premises-liability-accident\/#primaryimage","url":"https:\/\/blgjustice.com\/wp-content\/uploads\/2022\/09\/Business-man-stepping-on-banana-skin-peel.jpg","contentUrl":"https:\/\/blgjustice.com\/wp-content\/uploads\/2022\/09\/Business-man-stepping-on-banana-skin-peel.jpg","width":964,"height":401,"caption":"business man stepping on banana skin peel"},{"@type":"BreadcrumbList","@id":"https:\/\/blgjustice.com\/practice-areas\/personal-injury\/premises-liability-accident\/#breadcrumb","itemListElement":[{"@type":"ListItem","position":1,"name":"Home","item":"https:\/\/www.blgjustice.com\/"},{"@type":"ListItem","position":2,"name":"Practice Areas","item":"https:\/\/blgjustice.com\/es\/practice-areas\/"},{"@type":"ListItem","position":3,"name":"Personal Injury","item":"https:\/\/blgjustice.com\/es\/practice-areas\/personal-injury\/"},{"@type":"ListItem","position":4,"name":"Premises Liability Accident"}]},{"@type":"WebSite","@id":"https:\/\/www.blgjustice.com\/#website","url":"https:\/\/www.blgjustice.com\/","name":"Brockmeier Law Group","description":"","potentialAction":[{"@type":"SearchAction","target":{"@type":"EntryPoint","urlTemplate":"https:\/\/www.blgjustice.com\/?s={search_term_string}"},"query-input":{"@type":"PropertyValueSpecification","valueRequired":true,"valueName":"search_term_string"}}],"inLanguage":"es"}]}},"_links":{"self":[{"href":"https:\/\/blgjustice.com\/es\/wp-json\/wp\/v2\/pages\/190"}],"collection":[{"href":"https:\/\/blgjustice.com\/es\/wp-json\/wp\/v2\/pages"}],"about":[{"href":"https:\/\/blgjustice.com\/es\/wp-json\/wp\/v2\/types\/page"}],"author":[{"embeddable":true,"href":"https:\/\/blgjustice.com\/es\/wp-json\/wp\/v2\/users\/1"}],"replies":[{"embeddable":true,"href":"https:\/\/blgjustice.com\/es\/wp-json\/wp\/v2\/comments?post=190"}],"version-history":[{"count":7,"href":"https:\/\/blgjustice.com\/es\/wp-json\/wp\/v2\/pages\/190\/revisions"}],"predecessor-version":[{"id":1175,"href":"https:\/\/blgjustice.com\/es\/wp-json\/wp\/v2\/pages\/190\/revisions\/1175"}],"up":[{"embeddable":true,"href":"https:\/\/blgjustice.com\/es\/wp-json\/wp\/v2\/pages\/77"}],"wp:featuredmedia":[{"embeddable":true,"href":"https:\/\/blgjustice.com\/es\/wp-json\/wp\/v2\/media\/1099"}],"wp:attachment":[{"href":"https:\/\/blgjustice.com\/es\/wp-json\/wp\/v2\/media?parent=190"}],"curies":[{"name":"gracias","href":"https:\/\/api.w.org\/{rel}","templated":true}]}}