{"id":207,"date":"2020-07-15T01:38:35","date_gmt":"2020-07-15T01:38:35","guid":{"rendered":"http:\/\/blgjustice.com\/?page_id=207"},"modified":"2022-09-23T00:21:06","modified_gmt":"2022-09-23T00:21:06","slug":"uber-accident","status":"publish","type":"page","link":"https:\/\/blgjustice.com\/es\/practice-areas\/personal-injury\/uber-accident\/","title":{"rendered":"Accidente de Uber"},"content":{"rendered":"<h3>Abogados de accidentes de Uber en Irvine CA<\/h3>\n<p>Si est\u00e1 involucrado en un accidente de Uber, haga lo siguiente:<\/p>\n<ul>\n<li>NO diga nada sobre la culpa (admita la responsabilidad).<\/li>\n<li>Mueva todos los veh\u00edculos fuera de la calzada, si es posible.<\/li>\n<li>Eval\u00fae a todas las personas involucradas en el accidente en busca de lesiones y llame a los servicios m\u00e9dicos de emergencia seg\u00fan sea necesario.<\/li>\n<li>Intercambiar informaci\u00f3n de contacto y seguro con los otros conductores<\/li>\n<li>Llame a la polic\u00eda y solicite una ambulancia, si es necesario. P\u00eddale a la polic\u00eda que cree un informe detallado del accidente, es posible que se requieran registros del accidente y ayudar\u00e1n a resolver su caso.<\/li>\n<li>Recopile pruebas: tome fotograf\u00edas, recopile informaci\u00f3n de contacto de todos los testigos y (si corresponde) escombros que se desprendieron de su veh\u00edculo en el accidente.<\/li>\n<\/ul>\n<p>Es posible que las v\u00edctimas de accidentes no sientan todos los efectos de las lesiones de inmediato. Si ha estado involucrado en un accidente, es imperativo obtener atenci\u00f3n m\u00e9dica lo antes posible para determinar el alcance total de las lesiones reales o potenciales (de la v\u00edctima).<\/p>\n<h4>Lesiones potenciales<\/h4>\n<ul>\n<li><a href=\"http:\/\/blgjustice.com\/es\/california-car-accidents-whiplash-injuries\/\">Latigazo<\/a><\/li>\n<li>Erupci\u00f3n \/ cortes en la carretera<\/li>\n<li>Trastorno sicologico<\/li>\n<li><a href=\"http:\/\/blgjustice.com\/es\/car-accident-injuries-traumatic-brain-injuries-tbi\/\">Lesi\u00f3n cerebral traum\u00e1tica (TBI)<\/a><\/li>\n<li><a href=\"http:\/\/blgjustice.com\/es\/car-accident-injuries-spinal-cord-injuries\/\">Lesi\u00f3n espinal<\/a><\/li>\n<li><a href=\"http:\/\/blgjustice.com\/es\/california-car-accident-internal-bleeding-injuries\/\">Hemorragia interna<\/a><\/li>\n<li><a href=\"http:\/\/blgjustice.com\/es\/car-accident-broken-bones-injuries-in-california\/\">Huesos rotos)<\/a><\/li>\n<li>Amputaci\u00f3n<\/li>\n<\/ul>\n<h4>Tipos de accidentes<\/h4>\n<ul>\n<li>Pega y corre<\/li>\n<li><a href=\"http:\/\/blgjustice.com\/es\/side-impact-collisions\/\">Impacto lateral \/ T-bone<\/a><\/li>\n<li><a href=\"http:\/\/blgjustice.com\/es\/rear-end-collisions\/\">Colisiones traseras<\/a><\/li>\n<li>Fusi\u00f3n de accidentes<\/li>\n<li><a href=\"http:\/\/blgjustice.com\/es\/head-on-collisions\/\">Colisiones frontales<\/a><\/li>\n<li>Colisiones de bajo impacto<\/li>\n<li>Accidentes de veh\u00edculos m\u00faltiples<\/li>\n<li>Accidentes de intersecci\u00f3n<\/li>\n<li>Accidentes de giro a la izquierda<\/li>\n<li>Chocar de refil\u00f3n contra<\/li>\n<li>No ceder<\/li>\n<li><a href=\"http:\/\/blgjustice.com\/es\/rollover-accidents\/\">Accidentes de vuelco<\/a><\/li>\n<li><a href=\"http:\/\/blgjustice.com\/es\/single-vehicle-car-accidents-in-california\/\">Accidentes de un solo autom\u00f3vil<\/a><\/li>\n<\/ul>\n<h4>Causas de accidentes automovil\u00edsticos<\/h4>\n<ul>\n<li>Conducci\u00f3n distraida - <a href=\"http:\/\/blgjustice.com\/es\/ca-driving-and-cell-phone-use-law\/\">Celulares<\/a>, comer mientras se conduce, conversar con los pasajeros, etc.<\/li>\n<li>Imprudencia: exceso de velocidad<\/li>\n<li>Uso de alcohol<\/li>\n<li>Malas condiciones de la carretera: el clima (es decir, lluvia, vientos fuertes) afecta las carreteras que no se mantienen adecuadamente<\/li>\n<\/ul>\n<h4>Estatuto de limitaciones para presentar una reclamaci\u00f3n<\/h4>\n<p>Para la mayor\u00eda de los casos, el plazo de prescripci\u00f3n para presentar una demanda por lesiones personales es de dos a\u00f1os a partir de la fecha del accidente; sin embargo, puede haber factores de complicaci\u00f3n que pueden acortar o alargar el tiempo que la v\u00edctima tiene para presentar una reclamaci\u00f3n despu\u00e9s de un accidente. Para proteger su reclamo, las v\u00edctimas de accidentes deben contratar de inmediato los servicios de un abogado para garantizar que reciban la m\u00e1xima compensaci\u00f3n.<\/p>","protected":false},"excerpt":{"rendered":"<p>Uber Accident Attorneys in Irvine CA If involved in a Uber accident, please do the following: Do NOT say anything about fault (admit liability). Move all vehicles out of the roadway, if possible. Evaluate all persons involved in the accident for injuries and call for emergency medical services as required. Exchange contact and insurance information [&hellip;]<\/p>\n","protected":false},"author":1,"featured_media":1102,"parent":77,"menu_order":0,"comment_status":"closed","ping_status":"closed","template":"page-area.php","meta":{"_acf_changed":false,"footnotes":""},"acf":[],"yoast_head":"<!-- This site is optimized with the Yoast SEO plugin v24.5 - https:\/\/yoast.com\/wordpress\/plugins\/seo\/ -->\n<title>Irvine Uber Accident Lawyers | Uber Accident Attorneys in Irvine CA<\/title>\n<meta name=\"description\" content=\"If involved in an Irvine CA Uber accident, please contact the personal injury attorneys at Brockmeier Law Group today.\" \/>\n<meta name=\"robots\" content=\"index, follow, max-snippet:-1, max-image-preview:large, max-video-preview:-1\" \/>\n<link rel=\"canonical\" href=\"https:\/\/blgjustice.com\/es\/practice-areas\/personal-injury\/uber-accident\/\" \/>\n<meta property=\"og:locale\" content=\"es_MX\" \/>\n<meta property=\"og:type\" content=\"article\" \/>\n<meta property=\"og:title\" content=\"Irvine Uber Accident Lawyers | Uber Accident Attorneys in Irvine CA\" \/>\n<meta property=\"og:description\" content=\"If involved in an Irvine CA Uber accident, please contact the personal injury attorneys at Brockmeier Law Group today.\" \/>\n<meta property=\"og:url\" content=\"https:\/\/blgjustice.com\/es\/practice-areas\/personal-injury\/uber-accident\/\" \/>\n<meta property=\"og:site_name\" content=\"Brockmeier Law Group\" \/>\n<meta property=\"article:modified_time\" content=\"2022-09-23T00:21:06+00:00\" \/>\n<meta property=\"og:image\" content=\"https:\/\/blgjustice.com\/wp-content\/uploads\/2022\/09\/Man-using-cell-phone-texting-while-driving.jpg\" \/>\n\t<meta property=\"og:image:width\" content=\"964\" \/>\n\t<meta property=\"og:image:height\" content=\"401\" \/>\n\t<meta property=\"og:image:type\" content=\"image\/jpeg\" \/>\n<meta name=\"twitter:card\" content=\"summary_large_image\" \/>\n<meta name=\"twitter:label1\" content=\"Tiempo de lectura\" \/>\n\t<meta name=\"twitter:data1\" content=\"2 minutos\" \/>\n<script type=\"application\/ld+json\" class=\"yoast-schema-graph\">{\"@context\":\"https:\/\/schema.org\",\"@graph\":[{\"@type\":\"WebPage\",\"@id\":\"https:\/\/blgjustice.com\/practice-areas\/personal-injury\/uber-accident\/\",\"url\":\"https:\/\/blgjustice.com\/practice-areas\/personal-injury\/uber-accident\/\",\"name\":\"Irvine Uber Accident Lawyers | Uber Accident Attorneys in Irvine CA\",\"isPartOf\":{\"@id\":\"https:\/\/www.blgjustice.com\/#website\"},\"primaryImageOfPage\":{\"@id\":\"https:\/\/blgjustice.com\/practice-areas\/personal-injury\/uber-accident\/#primaryimage\"},\"image\":{\"@id\":\"https:\/\/blgjustice.com\/practice-areas\/personal-injury\/uber-accident\/#primaryimage\"},\"thumbnailUrl\":\"https:\/\/blgjustice.com\/wp-content\/uploads\/2022\/09\/Man-using-cell-phone-texting-while-driving.jpg\",\"datePublished\":\"2020-07-15T01:38:35+00:00\",\"dateModified\":\"2022-09-23T00:21:06+00:00\",\"description\":\"If involved in an Irvine CA Uber accident, please contact the personal injury attorneys at Brockmeier Law Group today.\",\"breadcrumb\":{\"@id\":\"https:\/\/blgjustice.com\/practice-areas\/personal-injury\/uber-accident\/#breadcrumb\"},\"inLanguage\":\"es\",\"potentialAction\":[{\"@type\":\"ReadAction\",\"target\":[\"https:\/\/blgjustice.com\/practice-areas\/personal-injury\/uber-accident\/\"]}]},{\"@type\":\"ImageObject\",\"inLanguage\":\"es\",\"@id\":\"https:\/\/blgjustice.com\/practice-areas\/personal-injury\/uber-accident\/#primaryimage\",\"url\":\"https:\/\/blgjustice.com\/wp-content\/uploads\/2022\/09\/Man-using-cell-phone-texting-while-driving.jpg\",\"contentUrl\":\"https:\/\/blgjustice.com\/wp-content\/uploads\/2022\/09\/Man-using-cell-phone-texting-while-driving.jpg\",\"width\":964,\"height\":401,\"caption\":\"man using cell phone texting while driving\"},{\"@type\":\"BreadcrumbList\",\"@id\":\"https:\/\/blgjustice.com\/practice-areas\/personal-injury\/uber-accident\/#breadcrumb\",\"itemListElement\":[{\"@type\":\"ListItem\",\"position\":1,\"name\":\"Home\",\"item\":\"https:\/\/www.blgjustice.com\/\"},{\"@type\":\"ListItem\",\"position\":2,\"name\":\"Practice Areas\",\"item\":\"https:\/\/blgjustice.com\/es\/practice-areas\/\"},{\"@type\":\"ListItem\",\"position\":3,\"name\":\"Personal Injury\",\"item\":\"https:\/\/blgjustice.com\/es\/practice-areas\/personal-injury\/\"},{\"@type\":\"ListItem\",\"position\":4,\"name\":\"Uber Accident\"}]},{\"@type\":\"WebSite\",\"@id\":\"https:\/\/www.blgjustice.com\/#website\",\"url\":\"https:\/\/www.blgjustice.com\/\",\"name\":\"Brockmeier Law Group\",\"description\":\"\",\"potentialAction\":[{\"@type\":\"SearchAction\",\"target\":{\"@type\":\"EntryPoint\",\"urlTemplate\":\"https:\/\/www.blgjustice.com\/?s={search_term_string}\"},\"query-input\":{\"@type\":\"PropertyValueSpecification\",\"valueRequired\":true,\"valueName\":\"search_term_string\"}}],\"inLanguage\":\"es\"}]}<\/script>\n<!-- \/ Yoast SEO plugin. -->","yoast_head_json":{"title":"Abogados de accidentes de Uber en Irvine | Abogados de accidentes de Uber en Irvine, CA","description":"Si estuvo involucrado en un accidente de Uber en Irvine CA, comun\u00edquese hoy con los abogados de lesiones personales de Brockmeier Law Group.","robots":{"index":"index","follow":"follow","max-snippet":"max-snippet:-1","max-image-preview":"max-image-preview:large","max-video-preview":"max-video-preview:-1"},"canonical":"https:\/\/blgjustice.com\/es\/practice-areas\/personal-injury\/uber-accident\/","og_locale":"es_MX","og_type":"article","og_title":"Irvine Uber Accident Lawyers | Uber Accident Attorneys in Irvine CA","og_description":"If involved in an Irvine CA Uber accident, please contact the personal injury attorneys at Brockmeier Law Group today.","og_url":"https:\/\/blgjustice.com\/es\/practice-areas\/personal-injury\/uber-accident\/","og_site_name":"Brockmeier Law Group","article_modified_time":"2022-09-23T00:21:06+00:00","og_image":[{"width":964,"height":401,"url":"https:\/\/blgjustice.com\/wp-content\/uploads\/2022\/09\/Man-using-cell-phone-texting-while-driving.jpg","type":"image\/jpeg"}],"twitter_card":"summary_large_image","twitter_misc":{"Tiempo de lectura":"2 minutos"},"schema":{"@context":"https:\/\/schema.org","@graph":[{"@type":"WebPage","@id":"https:\/\/blgjustice.com\/practice-areas\/personal-injury\/uber-accident\/","url":"https:\/\/blgjustice.com\/practice-areas\/personal-injury\/uber-accident\/","name":"Abogados de accidentes de Uber en Irvine | Abogados de accidentes de Uber en Irvine, CA","isPartOf":{"@id":"https:\/\/www.blgjustice.com\/#website"},"primaryImageOfPage":{"@id":"https:\/\/blgjustice.com\/practice-areas\/personal-injury\/uber-accident\/#primaryimage"},"image":{"@id":"https:\/\/blgjustice.com\/practice-areas\/personal-injury\/uber-accident\/#primaryimage"},"thumbnailUrl":"https:\/\/blgjustice.com\/wp-content\/uploads\/2022\/09\/Man-using-cell-phone-texting-while-driving.jpg","datePublished":"2020-07-15T01:38:35+00:00","dateModified":"2022-09-23T00:21:06+00:00","description":"Si estuvo involucrado en un accidente de Uber en Irvine CA, comun\u00edquese hoy con los abogados de lesiones personales de Brockmeier Law Group.","breadcrumb":{"@id":"https:\/\/blgjustice.com\/practice-areas\/personal-injury\/uber-accident\/#breadcrumb"},"inLanguage":"es","potentialAction":[{"@type":"ReadAction","target":["https:\/\/blgjustice.com\/practice-areas\/personal-injury\/uber-accident\/"]}]},{"@type":"ImageObject","inLanguage":"es","@id":"https:\/\/blgjustice.com\/practice-areas\/personal-injury\/uber-accident\/#primaryimage","url":"https:\/\/blgjustice.com\/wp-content\/uploads\/2022\/09\/Man-using-cell-phone-texting-while-driving.jpg","contentUrl":"https:\/\/blgjustice.com\/wp-content\/uploads\/2022\/09\/Man-using-cell-phone-texting-while-driving.jpg","width":964,"height":401,"caption":"man using cell phone texting while driving"},{"@type":"BreadcrumbList","@id":"https:\/\/blgjustice.com\/practice-areas\/personal-injury\/uber-accident\/#breadcrumb","itemListElement":[{"@type":"ListItem","position":1,"name":"Home","item":"https:\/\/www.blgjustice.com\/"},{"@type":"ListItem","position":2,"name":"Practice Areas","item":"https:\/\/blgjustice.com\/es\/practice-areas\/"},{"@type":"ListItem","position":3,"name":"Personal Injury","item":"https:\/\/blgjustice.com\/es\/practice-areas\/personal-injury\/"},{"@type":"ListItem","position":4,"name":"Uber Accident"}]},{"@type":"WebSite","@id":"https:\/\/www.blgjustice.com\/#website","url":"https:\/\/www.blgjustice.com\/","name":"Brockmeier Law Group","description":"","potentialAction":[{"@type":"SearchAction","target":{"@type":"EntryPoint","urlTemplate":"https:\/\/www.blgjustice.com\/?s={search_term_string}"},"query-input":{"@type":"PropertyValueSpecification","valueRequired":true,"valueName":"search_term_string"}}],"inLanguage":"es"}]}},"_links":{"self":[{"href":"https:\/\/blgjustice.com\/es\/wp-json\/wp\/v2\/pages\/207"}],"collection":[{"href":"https:\/\/blgjustice.com\/es\/wp-json\/wp\/v2\/pages"}],"about":[{"href":"https:\/\/blgjustice.com\/es\/wp-json\/wp\/v2\/types\/page"}],"author":[{"embeddable":true,"href":"https:\/\/blgjustice.com\/es\/wp-json\/wp\/v2\/users\/1"}],"replies":[{"embeddable":true,"href":"https:\/\/blgjustice.com\/es\/wp-json\/wp\/v2\/comments?post=207"}],"version-history":[{"count":8,"href":"https:\/\/blgjustice.com\/es\/wp-json\/wp\/v2\/pages\/207\/revisions"}],"predecessor-version":[{"id":1201,"href":"https:\/\/blgjustice.com\/es\/wp-json\/wp\/v2\/pages\/207\/revisions\/1201"}],"up":[{"embeddable":true,"href":"https:\/\/blgjustice.com\/es\/wp-json\/wp\/v2\/pages\/77"}],"wp:featuredmedia":[{"embeddable":true,"href":"https:\/\/blgjustice.com\/es\/wp-json\/wp\/v2\/media\/1102"}],"wp:attachment":[{"href":"https:\/\/blgjustice.com\/es\/wp-json\/wp\/v2\/media?parent=207"}],"curies":[{"name":"gracias","href":"https:\/\/api.w.org\/{rel}","templated":true}]}}