{"id":213,"date":"2020-07-15T01:43:56","date_gmt":"2020-07-15T01:43:56","guid":{"rendered":"http:\/\/blgjustice.com\/?page_id=213"},"modified":"2022-09-22T23:24:39","modified_gmt":"2022-09-22T23:24:39","slug":"assault-and-battery","status":"publish","type":"page","link":"https:\/\/blgjustice.com\/es\/practice-areas\/personal-injury\/assault-and-battery\/","title":{"rendered":"Lesiones"},"content":{"rendered":"<h3>Abogados de asalto y agresi\u00f3n en CA<\/h3>\n<p>Las v\u00edctimas de actos intencionales de agresi\u00f3n y agresi\u00f3n, as\u00ed como otros actos de delitos violentos, tienen derecho a solicitar una compensaci\u00f3n monetaria por sus p\u00e9rdidas contra todas las partes culpables. Los actos delictivos que provocan lesiones pueden tener lugar en cualquier lugar, incluidos clubes nocturnos, en el lugar de trabajo, en la escuela, en los sistemas de transporte p\u00fablico, como autobuses y trenes, y en el hogar.<\/p>\n<h4>Lesiones potenciales<\/h4>\n<ul>\n<li>Laceraciones de cara, cuero cabelludo y \/ o manos<\/li>\n<li>Huesos fracturados<\/li>\n<li><a href=\"http:\/\/blgjustice.com\/es\/car-accident-broken-bones-injuries-in-california\/\">Huesos rotos<\/a><\/li>\n<li>Lesiones de \u00f3rganos internos<\/li>\n<li><a href=\"http:\/\/blgjustice.com\/es\/car-accident-injuries-spinal-cord-injuries\/\">Lesiones de la m\u00e9dula espinal<\/a><\/li>\n<li><a href=\"http:\/\/blgjustice.com\/es\/car-accident-injuries-traumatic-brain-injuries-tbi\/\">Lesiones cerebrales traum\u00e1ticas (TBI)<\/a><\/li>\n<li>Da\u00f1o en el nervio<\/li>\n<li>Muerte<\/li>\n<\/ul>\n<p>Dos a\u00f1os para presentar un caso civil por agresi\u00f3n y lesiones por agresi\u00f3n. La secci\u00f3n 335.1 del C\u00f3digo de Procedimiento Civil de California le otorga a un individuo dos a\u00f1os a partir de la fecha del acto intencional, \u201cUna acci\u00f3n por asalto, agresi\u00f3n o lesi\u00f3n o por la muerte de un individuo causado por el acto il\u00edcito o negligencia de otro. &quot; Presentaci\u00f3n de una demanda contra agencias gubernamentales: v\u00edctimas de delitos violentos a manos de agencias gubernamentales, incluidos agentes de polic\u00eda, 6 meses (180 d\u00edas) a partir de la fecha del acto para presentar una reclamaci\u00f3n ante la agencia.<\/p>","protected":false},"excerpt":{"rendered":"<p>Assault and Battery Attorneys in CA Victims of intentional acts of assault and battery as well as other acts of violent crime have the right to seek monetary compensation for their losses against all at fault parties. Criminal acts resulting in injury can take place anywhere including nightclubs, in the workplace, at school, in public [&hellip;]<\/p>\n","protected":false},"author":1,"featured_media":1090,"parent":77,"menu_order":0,"comment_status":"closed","ping_status":"closed","template":"page-area.php","meta":{"_acf_changed":false,"footnotes":""},"acf":[],"yoast_head":"<!-- This site is optimized with the Yoast SEO plugin v24.5 - https:\/\/yoast.com\/wordpress\/plugins\/seo\/ -->\n<title>Assault and Battery Attorneys in CA | Personal Injury Attorney Irvine<\/title>\n<meta name=\"description\" content=\"Victims of assault and battery as well as other acts of violent crime have the right to seek monetary compensation for their losses.\" \/>\n<meta name=\"robots\" content=\"index, follow, max-snippet:-1, max-image-preview:large, max-video-preview:-1\" \/>\n<link rel=\"canonical\" href=\"https:\/\/blgjustice.com\/es\/practice-areas\/personal-injury\/assault-and-battery\/\" \/>\n<meta property=\"og:locale\" content=\"es_MX\" \/>\n<meta property=\"og:type\" content=\"article\" \/>\n<meta property=\"og:title\" content=\"Assault and Battery Attorneys in CA | Personal Injury Attorney Irvine\" \/>\n<meta property=\"og:description\" content=\"Victims of assault and battery as well as other acts of violent crime have the right to seek monetary compensation for their losses.\" \/>\n<meta property=\"og:url\" content=\"https:\/\/blgjustice.com\/es\/practice-areas\/personal-injury\/assault-and-battery\/\" \/>\n<meta property=\"og:site_name\" content=\"Brockmeier Law Group\" \/>\n<meta property=\"article:modified_time\" content=\"2022-09-22T23:24:39+00:00\" \/>\n<meta property=\"og:image\" content=\"https:\/\/blgjustice.com\/wp-content\/uploads\/2022\/09\/man-beating-helpless-woman-at-home.jpg\" \/>\n\t<meta property=\"og:image:width\" content=\"964\" \/>\n\t<meta property=\"og:image:height\" content=\"401\" \/>\n\t<meta property=\"og:image:type\" content=\"image\/jpeg\" \/>\n<meta name=\"twitter:card\" content=\"summary_large_image\" \/>\n<meta name=\"twitter:label1\" content=\"Tiempo de lectura\" \/>\n\t<meta name=\"twitter:data1\" content=\"1 minuto\" \/>\n<script type=\"application\/ld+json\" class=\"yoast-schema-graph\">{\"@context\":\"https:\/\/schema.org\",\"@graph\":[{\"@type\":\"WebPage\",\"@id\":\"https:\/\/blgjustice.com\/practice-areas\/personal-injury\/assault-and-battery\/\",\"url\":\"https:\/\/blgjustice.com\/practice-areas\/personal-injury\/assault-and-battery\/\",\"name\":\"Assault and Battery Attorneys in CA | Personal Injury Attorney Irvine\",\"isPartOf\":{\"@id\":\"https:\/\/www.blgjustice.com\/#website\"},\"primaryImageOfPage\":{\"@id\":\"https:\/\/blgjustice.com\/practice-areas\/personal-injury\/assault-and-battery\/#primaryimage\"},\"image\":{\"@id\":\"https:\/\/blgjustice.com\/practice-areas\/personal-injury\/assault-and-battery\/#primaryimage\"},\"thumbnailUrl\":\"https:\/\/blgjustice.com\/wp-content\/uploads\/2022\/09\/man-beating-helpless-woman-at-home.jpg\",\"datePublished\":\"2020-07-15T01:43:56+00:00\",\"dateModified\":\"2022-09-22T23:24:39+00:00\",\"description\":\"Victims of assault and battery as well as other acts of violent crime have the right to seek monetary compensation for their losses.\",\"breadcrumb\":{\"@id\":\"https:\/\/blgjustice.com\/practice-areas\/personal-injury\/assault-and-battery\/#breadcrumb\"},\"inLanguage\":\"es\",\"potentialAction\":[{\"@type\":\"ReadAction\",\"target\":[\"https:\/\/blgjustice.com\/practice-areas\/personal-injury\/assault-and-battery\/\"]}]},{\"@type\":\"ImageObject\",\"inLanguage\":\"es\",\"@id\":\"https:\/\/blgjustice.com\/practice-areas\/personal-injury\/assault-and-battery\/#primaryimage\",\"url\":\"https:\/\/blgjustice.com\/wp-content\/uploads\/2022\/09\/man-beating-helpless-woman-at-home.jpg\",\"contentUrl\":\"https:\/\/blgjustice.com\/wp-content\/uploads\/2022\/09\/man-beating-helpless-woman-at-home.jpg\",\"width\":964,\"height\":401,\"caption\":\"man beating helpless woman at home\"},{\"@type\":\"BreadcrumbList\",\"@id\":\"https:\/\/blgjustice.com\/practice-areas\/personal-injury\/assault-and-battery\/#breadcrumb\",\"itemListElement\":[{\"@type\":\"ListItem\",\"position\":1,\"name\":\"Home\",\"item\":\"https:\/\/www.blgjustice.com\/\"},{\"@type\":\"ListItem\",\"position\":2,\"name\":\"Practice Areas\",\"item\":\"https:\/\/blgjustice.com\/es\/practice-areas\/\"},{\"@type\":\"ListItem\",\"position\":3,\"name\":\"Personal Injury\",\"item\":\"https:\/\/blgjustice.com\/es\/practice-areas\/personal-injury\/\"},{\"@type\":\"ListItem\",\"position\":4,\"name\":\"Assault and Battery\"}]},{\"@type\":\"WebSite\",\"@id\":\"https:\/\/www.blgjustice.com\/#website\",\"url\":\"https:\/\/www.blgjustice.com\/\",\"name\":\"Brockmeier Law Group\",\"description\":\"\",\"potentialAction\":[{\"@type\":\"SearchAction\",\"target\":{\"@type\":\"EntryPoint\",\"urlTemplate\":\"https:\/\/www.blgjustice.com\/?s={search_term_string}\"},\"query-input\":{\"@type\":\"PropertyValueSpecification\",\"valueRequired\":true,\"valueName\":\"search_term_string\"}}],\"inLanguage\":\"es\"}]}<\/script>\n<!-- \/ Yoast SEO plugin. -->","yoast_head_json":{"title":"Abogados de agresi\u00f3n y lesiones en CA | Abogado de lesiones personales en Irvine","description":"Las v\u00edctimas de agresiones y lesiones, as\u00ed como de otros actos de delitos violentos, tienen derecho a solicitar una compensaci\u00f3n monetaria por sus p\u00e9rdidas.","robots":{"index":"index","follow":"follow","max-snippet":"max-snippet:-1","max-image-preview":"max-image-preview:large","max-video-preview":"max-video-preview:-1"},"canonical":"https:\/\/blgjustice.com\/es\/practice-areas\/personal-injury\/assault-and-battery\/","og_locale":"es_MX","og_type":"article","og_title":"Assault and Battery Attorneys in CA | Personal Injury Attorney Irvine","og_description":"Victims of assault and battery as well as other acts of violent crime have the right to seek monetary compensation for their losses.","og_url":"https:\/\/blgjustice.com\/es\/practice-areas\/personal-injury\/assault-and-battery\/","og_site_name":"Brockmeier Law Group","article_modified_time":"2022-09-22T23:24:39+00:00","og_image":[{"width":964,"height":401,"url":"https:\/\/blgjustice.com\/wp-content\/uploads\/2022\/09\/man-beating-helpless-woman-at-home.jpg","type":"image\/jpeg"}],"twitter_card":"summary_large_image","twitter_misc":{"Tiempo de lectura":"1 minuto"},"schema":{"@context":"https:\/\/schema.org","@graph":[{"@type":"WebPage","@id":"https:\/\/blgjustice.com\/practice-areas\/personal-injury\/assault-and-battery\/","url":"https:\/\/blgjustice.com\/practice-areas\/personal-injury\/assault-and-battery\/","name":"Abogados de agresi\u00f3n y lesiones en CA | Abogado de lesiones personales en Irvine","isPartOf":{"@id":"https:\/\/www.blgjustice.com\/#website"},"primaryImageOfPage":{"@id":"https:\/\/blgjustice.com\/practice-areas\/personal-injury\/assault-and-battery\/#primaryimage"},"image":{"@id":"https:\/\/blgjustice.com\/practice-areas\/personal-injury\/assault-and-battery\/#primaryimage"},"thumbnailUrl":"https:\/\/blgjustice.com\/wp-content\/uploads\/2022\/09\/man-beating-helpless-woman-at-home.jpg","datePublished":"2020-07-15T01:43:56+00:00","dateModified":"2022-09-22T23:24:39+00:00","description":"Las v\u00edctimas de agresiones y lesiones, as\u00ed como de otros actos de delitos violentos, tienen derecho a solicitar una compensaci\u00f3n monetaria por sus p\u00e9rdidas.","breadcrumb":{"@id":"https:\/\/blgjustice.com\/practice-areas\/personal-injury\/assault-and-battery\/#breadcrumb"},"inLanguage":"es","potentialAction":[{"@type":"ReadAction","target":["https:\/\/blgjustice.com\/practice-areas\/personal-injury\/assault-and-battery\/"]}]},{"@type":"ImageObject","inLanguage":"es","@id":"https:\/\/blgjustice.com\/practice-areas\/personal-injury\/assault-and-battery\/#primaryimage","url":"https:\/\/blgjustice.com\/wp-content\/uploads\/2022\/09\/man-beating-helpless-woman-at-home.jpg","contentUrl":"https:\/\/blgjustice.com\/wp-content\/uploads\/2022\/09\/man-beating-helpless-woman-at-home.jpg","width":964,"height":401,"caption":"man beating helpless woman at home"},{"@type":"BreadcrumbList","@id":"https:\/\/blgjustice.com\/practice-areas\/personal-injury\/assault-and-battery\/#breadcrumb","itemListElement":[{"@type":"ListItem","position":1,"name":"Home","item":"https:\/\/www.blgjustice.com\/"},{"@type":"ListItem","position":2,"name":"Practice Areas","item":"https:\/\/blgjustice.com\/es\/practice-areas\/"},{"@type":"ListItem","position":3,"name":"Personal Injury","item":"https:\/\/blgjustice.com\/es\/practice-areas\/personal-injury\/"},{"@type":"ListItem","position":4,"name":"Assault and Battery"}]},{"@type":"WebSite","@id":"https:\/\/www.blgjustice.com\/#website","url":"https:\/\/www.blgjustice.com\/","name":"Brockmeier Law Group","description":"","potentialAction":[{"@type":"SearchAction","target":{"@type":"EntryPoint","urlTemplate":"https:\/\/www.blgjustice.com\/?s={search_term_string}"},"query-input":{"@type":"PropertyValueSpecification","valueRequired":true,"valueName":"search_term_string"}}],"inLanguage":"es"}]}},"_links":{"self":[{"href":"https:\/\/blgjustice.com\/es\/wp-json\/wp\/v2\/pages\/213"}],"collection":[{"href":"https:\/\/blgjustice.com\/es\/wp-json\/wp\/v2\/pages"}],"about":[{"href":"https:\/\/blgjustice.com\/es\/wp-json\/wp\/v2\/types\/page"}],"author":[{"embeddable":true,"href":"https:\/\/blgjustice.com\/es\/wp-json\/wp\/v2\/users\/1"}],"replies":[{"embeddable":true,"href":"https:\/\/blgjustice.com\/es\/wp-json\/wp\/v2\/comments?post=213"}],"version-history":[{"count":5,"href":"https:\/\/blgjustice.com\/es\/wp-json\/wp\/v2\/pages\/213\/revisions"}],"predecessor-version":[{"id":1145,"href":"https:\/\/blgjustice.com\/es\/wp-json\/wp\/v2\/pages\/213\/revisions\/1145"}],"up":[{"embeddable":true,"href":"https:\/\/blgjustice.com\/es\/wp-json\/wp\/v2\/pages\/77"}],"wp:featuredmedia":[{"embeddable":true,"href":"https:\/\/blgjustice.com\/es\/wp-json\/wp\/v2\/media\/1090"}],"wp:attachment":[{"href":"https:\/\/blgjustice.com\/es\/wp-json\/wp\/v2\/media?parent=213"}],"curies":[{"name":"gracias","href":"https:\/\/api.w.org\/{rel}","templated":true}]}}