{"id":232,"date":"2020-07-15T02:30:49","date_gmt":"2020-07-15T02:30:49","guid":{"rendered":"http:\/\/blgjustice.com\/?page_id=232"},"modified":"2022-09-23T00:29:21","modified_gmt":"2022-09-23T00:29:21","slug":"fiduciary-duty","status":"publish","type":"page","link":"https:\/\/blgjustice.com\/es\/practice-areas\/real-estate\/fiduciary-duty\/","title":{"rendered":"Deber fiduciario"},"content":{"rendered":"<h3>Abogados de incumplimiento de deber fiduciario de Irvine CA<\/h3>\n<p>Los deberes profesionales y <a href=\"http:\/\/blgjustice.com\/es\/what-is-fiduciary-duty\/\">Deberes fiduciarios<\/a> que los agentes inmobiliarios de California deben incluir:<\/p>\n<ul>\n<li>Tratar de forma honesta y justa<\/li>\n<li>Contabilizaci\u00f3n de todos los fondos<\/li>\n<li>Usar habilidad, cuidado y diligencia en las transacciones<\/li>\n<li>Revelar todos los hechos materiales conocidos de la propiedad a compradores potenciales<\/li>\n<li>No realizar representaciones enga\u00f1osas, enga\u00f1osas o fraudulentas a compradores potenciales<\/li>\n<\/ul>\n<h4>Incumplimiento del deber fiduciario<\/h4>\n<p>En ciertos casos, los agentes y corredores de bienes ra\u00edces deben a los clientes un deber fiduciario. Un deber fiduciario requiere que un profesional de bienes ra\u00edces ponga los mejores intereses de sus clientes por encima de sus propios intereses. Este alto nivel de atenci\u00f3n refleja el hecho de que los agentes y corredores, en comparaci\u00f3n con sus clientes, generalmente poseen un conocimiento superior sobre bienes ra\u00edces, lo que crea el potencial de abusar de su posici\u00f3n de autoridad. Esta es un \u00e1rea dif\u00edcil que puede generar problemas adicionales cuando el corredor o el empleador del corredor act\u00faa como un &quot;agente dual&quot; tanto para el comprador como para el vendedor. Cuando eso sucede, todav\u00eda se les exige que proporcionen toda la informaci\u00f3n relevante a sus clientes, y puede dar lugar a una responsabilidad significativa por el incumplimiento de estos deberes para el comprador.<\/p>","protected":false},"excerpt":{"rendered":"<p>Irvine CA Breach of Fiduciary Duty Attorneys The professional duties and Fiduciary Duties that California realtors owe include: Dealing honestly and fairly Accounting for all funds Using skill, care, and diligence in transactions Disclosing all known material facts of the property to potential buyers Not making misleading, deceptive, or fraudulent representations to potential buyers Breach [&hellip;]<\/p>\n","protected":false},"author":1,"featured_media":1108,"parent":79,"menu_order":0,"comment_status":"closed","ping_status":"closed","template":"page-area.php","meta":{"_acf_changed":false,"footnotes":""},"acf":[],"yoast_head":"<!-- This site is optimized with the Yoast SEO plugin v24.5 - https:\/\/yoast.com\/wordpress\/plugins\/seo\/ -->\n<title>Fiduciary Duty | Irvine CA Breach of Fiduciary Duty Attorneys<\/title>\n<meta name=\"description\" content=\"A fiduciary duty requires a real estate professional to put the best interests of their clients ahead of their own interests.\" \/>\n<meta name=\"robots\" content=\"index, follow, max-snippet:-1, max-image-preview:large, max-video-preview:-1\" \/>\n<link rel=\"canonical\" href=\"https:\/\/www.blgjustice.com\/practice-areas\/real-estate\/fiduciary-duty\/\" \/>\n<meta property=\"og:locale\" content=\"es_MX\" \/>\n<meta property=\"og:type\" content=\"article\" \/>\n<meta property=\"og:title\" content=\"Fiduciary Duty | Irvine CA Breach of Fiduciary Duty Attorneys\" \/>\n<meta property=\"og:description\" content=\"A fiduciary duty requires a real estate professional to put the best interests of their clients ahead of their own interests.\" \/>\n<meta property=\"og:url\" content=\"https:\/\/www.blgjustice.com\/practice-areas\/real-estate\/fiduciary-duty\/\" \/>\n<meta property=\"og:site_name\" content=\"Brockmeier Law Group\" \/>\n<meta property=\"article:modified_time\" content=\"2022-09-23T00:29:21+00:00\" \/>\n<meta property=\"og:image\" content=\"https:\/\/www.blgjustice.com\/wp-content\/uploads\/2022\/09\/Fiduciary-duty-concept-written-on-a-paper.jpg\" \/>\n\t<meta property=\"og:image:width\" content=\"964\" \/>\n\t<meta property=\"og:image:height\" content=\"401\" \/>\n\t<meta property=\"og:image:type\" content=\"image\/jpeg\" \/>\n<meta name=\"twitter:card\" content=\"summary_large_image\" \/>\n<meta name=\"twitter:label1\" content=\"Tiempo de lectura\" \/>\n\t<meta name=\"twitter:data1\" content=\"1 minuto\" \/>\n<script type=\"application\/ld+json\" class=\"yoast-schema-graph\">{\"@context\":\"https:\/\/schema.org\",\"@graph\":[{\"@type\":\"WebPage\",\"@id\":\"https:\/\/www.blgjustice.com\/practice-areas\/real-estate\/fiduciary-duty\/\",\"url\":\"https:\/\/www.blgjustice.com\/practice-areas\/real-estate\/fiduciary-duty\/\",\"name\":\"Fiduciary Duty | Irvine CA Breach of Fiduciary Duty Attorneys\",\"isPartOf\":{\"@id\":\"https:\/\/www.blgjustice.com\/#website\"},\"primaryImageOfPage\":{\"@id\":\"https:\/\/www.blgjustice.com\/practice-areas\/real-estate\/fiduciary-duty\/#primaryimage\"},\"image\":{\"@id\":\"https:\/\/www.blgjustice.com\/practice-areas\/real-estate\/fiduciary-duty\/#primaryimage\"},\"thumbnailUrl\":\"https:\/\/blgjustice.com\/wp-content\/uploads\/2022\/09\/Fiduciary-duty-concept-written-on-a-paper.jpg\",\"datePublished\":\"2020-07-15T02:30:49+00:00\",\"dateModified\":\"2022-09-23T00:29:21+00:00\",\"description\":\"A fiduciary duty requires a real estate professional to put the best interests of their clients ahead of their own interests.\",\"breadcrumb\":{\"@id\":\"https:\/\/www.blgjustice.com\/practice-areas\/real-estate\/fiduciary-duty\/#breadcrumb\"},\"inLanguage\":\"es\",\"potentialAction\":[{\"@type\":\"ReadAction\",\"target\":[\"https:\/\/www.blgjustice.com\/practice-areas\/real-estate\/fiduciary-duty\/\"]}]},{\"@type\":\"ImageObject\",\"inLanguage\":\"es\",\"@id\":\"https:\/\/www.blgjustice.com\/practice-areas\/real-estate\/fiduciary-duty\/#primaryimage\",\"url\":\"https:\/\/blgjustice.com\/wp-content\/uploads\/2022\/09\/Fiduciary-duty-concept-written-on-a-paper.jpg\",\"contentUrl\":\"https:\/\/blgjustice.com\/wp-content\/uploads\/2022\/09\/Fiduciary-duty-concept-written-on-a-paper.jpg\",\"width\":964,\"height\":401,\"caption\":\"fiduciary duty concept written on a paper\"},{\"@type\":\"BreadcrumbList\",\"@id\":\"https:\/\/www.blgjustice.com\/practice-areas\/real-estate\/fiduciary-duty\/#breadcrumb\",\"itemListElement\":[{\"@type\":\"ListItem\",\"position\":1,\"name\":\"Home\",\"item\":\"https:\/\/www.blgjustice.com\/\"},{\"@type\":\"ListItem\",\"position\":2,\"name\":\"Practice Areas\",\"item\":\"https:\/\/blgjustice.com\/es\/practice-areas\/\"},{\"@type\":\"ListItem\",\"position\":3,\"name\":\"Real Estate\",\"item\":\"https:\/\/blgjustice.com\/practice-areas\/real-estate\/\"},{\"@type\":\"ListItem\",\"position\":4,\"name\":\"Fiduciary Duty\"}]},{\"@type\":\"WebSite\",\"@id\":\"https:\/\/www.blgjustice.com\/#website\",\"url\":\"https:\/\/www.blgjustice.com\/\",\"name\":\"Brockmeier Law Group\",\"description\":\"\",\"potentialAction\":[{\"@type\":\"SearchAction\",\"target\":{\"@type\":\"EntryPoint\",\"urlTemplate\":\"https:\/\/www.blgjustice.com\/?s={search_term_string}\"},\"query-input\":{\"@type\":\"PropertyValueSpecification\",\"valueRequired\":true,\"valueName\":\"search_term_string\"}}],\"inLanguage\":\"es\"}]}<\/script>\n<!-- \/ Yoast SEO plugin. -->","yoast_head_json":{"title":"Deber fiduciario | Abogados de Irvine, CA, especializados en casos de incumplimiento del deber fiduciario","description":"Un deber fiduciario requiere que un profesional inmobiliario ponga los mejores intereses de sus clientes por delante de sus propios intereses.","robots":{"index":"index","follow":"follow","max-snippet":"max-snippet:-1","max-image-preview":"max-image-preview:large","max-video-preview":"max-video-preview:-1"},"canonical":"https:\/\/www.blgjustice.com\/practice-areas\/real-estate\/fiduciary-duty\/","og_locale":"es_MX","og_type":"article","og_title":"Fiduciary Duty | Irvine CA Breach of Fiduciary Duty Attorneys","og_description":"A fiduciary duty requires a real estate professional to put the best interests of their clients ahead of their own interests.","og_url":"https:\/\/www.blgjustice.com\/practice-areas\/real-estate\/fiduciary-duty\/","og_site_name":"Brockmeier Law Group","article_modified_time":"2022-09-23T00:29:21+00:00","og_image":[{"width":964,"height":401,"url":"https:\/\/www.blgjustice.com\/wp-content\/uploads\/2022\/09\/Fiduciary-duty-concept-written-on-a-paper.jpg","type":"image\/jpeg"}],"twitter_card":"summary_large_image","twitter_misc":{"Tiempo de lectura":"1 minuto"},"schema":{"@context":"https:\/\/schema.org","@graph":[{"@type":"WebPage","@id":"https:\/\/www.blgjustice.com\/practice-areas\/real-estate\/fiduciary-duty\/","url":"https:\/\/www.blgjustice.com\/practice-areas\/real-estate\/fiduciary-duty\/","name":"Deber fiduciario | Abogados de Irvine, CA, especializados en casos de incumplimiento del deber fiduciario","isPartOf":{"@id":"https:\/\/www.blgjustice.com\/#website"},"primaryImageOfPage":{"@id":"https:\/\/www.blgjustice.com\/practice-areas\/real-estate\/fiduciary-duty\/#primaryimage"},"image":{"@id":"https:\/\/www.blgjustice.com\/practice-areas\/real-estate\/fiduciary-duty\/#primaryimage"},"thumbnailUrl":"https:\/\/blgjustice.com\/wp-content\/uploads\/2022\/09\/Fiduciary-duty-concept-written-on-a-paper.jpg","datePublished":"2020-07-15T02:30:49+00:00","dateModified":"2022-09-23T00:29:21+00:00","description":"Un deber fiduciario requiere que un profesional inmobiliario ponga los mejores intereses de sus clientes por delante de sus propios intereses.","breadcrumb":{"@id":"https:\/\/www.blgjustice.com\/practice-areas\/real-estate\/fiduciary-duty\/#breadcrumb"},"inLanguage":"es","potentialAction":[{"@type":"ReadAction","target":["https:\/\/www.blgjustice.com\/practice-areas\/real-estate\/fiduciary-duty\/"]}]},{"@type":"ImageObject","inLanguage":"es","@id":"https:\/\/www.blgjustice.com\/practice-areas\/real-estate\/fiduciary-duty\/#primaryimage","url":"https:\/\/blgjustice.com\/wp-content\/uploads\/2022\/09\/Fiduciary-duty-concept-written-on-a-paper.jpg","contentUrl":"https:\/\/blgjustice.com\/wp-content\/uploads\/2022\/09\/Fiduciary-duty-concept-written-on-a-paper.jpg","width":964,"height":401,"caption":"fiduciary duty concept written on a paper"},{"@type":"BreadcrumbList","@id":"https:\/\/www.blgjustice.com\/practice-areas\/real-estate\/fiduciary-duty\/#breadcrumb","itemListElement":[{"@type":"ListItem","position":1,"name":"Home","item":"https:\/\/www.blgjustice.com\/"},{"@type":"ListItem","position":2,"name":"Practice Areas","item":"https:\/\/blgjustice.com\/es\/practice-areas\/"},{"@type":"ListItem","position":3,"name":"Real Estate","item":"https:\/\/blgjustice.com\/practice-areas\/real-estate\/"},{"@type":"ListItem","position":4,"name":"Fiduciary Duty"}]},{"@type":"WebSite","@id":"https:\/\/www.blgjustice.com\/#website","url":"https:\/\/www.blgjustice.com\/","name":"Brockmeier Law Group","description":"","potentialAction":[{"@type":"SearchAction","target":{"@type":"EntryPoint","urlTemplate":"https:\/\/www.blgjustice.com\/?s={search_term_string}"},"query-input":{"@type":"PropertyValueSpecification","valueRequired":true,"valueName":"search_term_string"}}],"inLanguage":"es"}]}},"_links":{"self":[{"href":"https:\/\/blgjustice.com\/es\/wp-json\/wp\/v2\/pages\/232"}],"collection":[{"href":"https:\/\/blgjustice.com\/es\/wp-json\/wp\/v2\/pages"}],"about":[{"href":"https:\/\/blgjustice.com\/es\/wp-json\/wp\/v2\/types\/page"}],"author":[{"embeddable":true,"href":"https:\/\/blgjustice.com\/es\/wp-json\/wp\/v2\/users\/1"}],"replies":[{"embeddable":true,"href":"https:\/\/blgjustice.com\/es\/wp-json\/wp\/v2\/comments?post=232"}],"version-history":[{"count":4,"href":"https:\/\/blgjustice.com\/es\/wp-json\/wp\/v2\/pages\/232\/revisions"}],"predecessor-version":[{"id":1185,"href":"https:\/\/blgjustice.com\/es\/wp-json\/wp\/v2\/pages\/232\/revisions\/1185"}],"up":[{"embeddable":true,"href":"https:\/\/blgjustice.com\/es\/wp-json\/wp\/v2\/pages\/79"}],"wp:featuredmedia":[{"embeddable":true,"href":"https:\/\/blgjustice.com\/es\/wp-json\/wp\/v2\/media\/1108"}],"wp:attachment":[{"href":"https:\/\/blgjustice.com\/es\/wp-json\/wp\/v2\/media?parent=232"}],"curies":[{"name":"gracias","href":"https:\/\/api.w.org\/{rel}","templated":true}]}}