{"id":238,"date":"2020-07-15T02:35:08","date_gmt":"2020-07-15T02:35:08","guid":{"rendered":"http:\/\/blgjustice.com\/?page_id=238"},"modified":"2022-09-23T00:27:59","modified_gmt":"2022-09-23T00:27:59","slug":"breach-of-contract","status":"publish","type":"page","link":"https:\/\/blgjustice.com\/es\/practice-areas\/real-estate\/breach-of-contract\/","title":{"rendered":"Incumplimiento de contrato"},"content":{"rendered":"<h3>Abogados de litigio por incumplimiento de contrato en Irvine<\/h3>\n<p>Este tipo de litigio involucra disputas que surgen de relaciones comerciales y comerciales, incluidas las reclamaciones de un establecimiento contra otra empresa, entidad gubernamental o grupos de personas. Los problemas suelen ser complejos, lo que hace que la comprensi\u00f3n de un abogado del negocio del cliente sea un indicador predecible del resultado del litigio. Ayudamos a nuestros clientes comerciales a preparar y negociar sus contratos y transacciones y hacer valer sus derechos en los tribunales si la otra parte incumple estos acuerdos.<\/p>\n<p>Manejar de manera efectiva una disputa desde su inicio es fundamental para los resultados de una empresa.<\/p>\n<h4>C\u00f3mo prepararse para un litigio comercial<\/h4>\n<p>Las empresas parecen adoptar con demasiada frecuencia un \u201cenfoque de esperar y ver qu\u00e9 pasa\u201d en las disputas y transacciones legales, con la esperanza de mantener bajos los honorarios legales al redactar los acuerdos y con la esperanza de evitarlos si surge una disputa. Estas personas no quieren enfrentarse a un litigio hasta que se presente una demanda. Esta mentalidad hace que muchas empresas com\u00fanmente tomen decisiones basadas en el temor a un litigio, e incluso a un litigio amenazado, que no hab\u00edan pensado antes de que se realizara la amenaza.<\/p>\n<p>El primer paso para prepararse para las disputas es contratar a un asesor legal o abogado para que notifique de inmediato en caso de que se presente o amenace con una demanda. Un abogado con experiencia puede brindar asesoramiento y apoyo inmediatos en situaciones que requieran decisiones r\u00e1pidas.<\/p>\n<p>La preparaci\u00f3n para el litigio mediante la revisi\u00f3n de las pr\u00e1cticas de la organizaci\u00f3n con su abogado es clave. \u00c9l o ella pueden ayudarlo a identificar qu\u00e9 \u00e1reas de su negocio son particularmente vulnerables a posibles problemas legales. Su abogado puede asesorarlo sobre las formas de proteger su empresa.<\/p>\n<p>El litigio es siempre una posibilidad en cualquier empresa, peque\u00f1a, mediana o grande. La responsabilidad no recae en el propietario de la peque\u00f1a empresa. Si su empresa no est\u00e1 preparada o se ve obligada a tomar decisiones sin el asesoramiento de un abogado experimentado, puede encontrarse en desventaja tanto antes como despu\u00e9s de que se presente una demanda.<\/p>","protected":false},"excerpt":{"rendered":"<p>Irvine Breach of Contract Litigation Attorneys This type of litigation involves disputes arising out of commercial and business relationships, including an establishment\u2019s claims against another company, governmental entity, or groups of individuals. The issues are usually complex, rendering an attorney\u2019s understanding of the client\u2019s business a predictable indicator of the litigation\u2019s outcome. We help our [&hellip;]<\/p>\n","protected":false},"author":1,"featured_media":1104,"parent":79,"menu_order":0,"comment_status":"closed","ping_status":"closed","template":"page-area.php","meta":{"_acf_changed":false,"footnotes":""},"acf":[],"yoast_head":"<!-- This site is optimized with the Yoast SEO plugin v24.5 - https:\/\/yoast.com\/wordpress\/plugins\/seo\/ -->\n<title>Irvine CA Breach of Contract Attorney | Real Estate Lawyer in Irvine<\/title>\n<meta name=\"description\" content=\"We help our business clients prepare and negotiate their contracts and transactions and enforce their rights in Court.\" \/>\n<meta name=\"robots\" content=\"index, follow, max-snippet:-1, max-image-preview:large, max-video-preview:-1\" \/>\n<link rel=\"canonical\" href=\"https:\/\/www.blgjustice.com\/practice-areas\/real-estate\/breach-of-contract\/\" \/>\n<meta property=\"og:locale\" content=\"es_MX\" \/>\n<meta property=\"og:type\" content=\"article\" \/>\n<meta property=\"og:title\" content=\"Irvine CA Breach of Contract Attorney | Real Estate Lawyer in Irvine\" \/>\n<meta property=\"og:description\" content=\"We help our business clients prepare and negotiate their contracts and transactions and enforce their rights in Court.\" \/>\n<meta property=\"og:url\" content=\"https:\/\/www.blgjustice.com\/practice-areas\/real-estate\/breach-of-contract\/\" \/>\n<meta property=\"og:site_name\" content=\"Brockmeier Law Group\" \/>\n<meta property=\"article:modified_time\" content=\"2022-09-23T00:27:59+00:00\" \/>\n<meta property=\"og:image\" content=\"https:\/\/www.blgjustice.com\/wp-content\/uploads\/2022\/09\/Businessman-tearing-contract.jpg\" \/>\n\t<meta property=\"og:image:width\" content=\"964\" \/>\n\t<meta property=\"og:image:height\" content=\"401\" \/>\n\t<meta property=\"og:image:type\" content=\"image\/jpeg\" \/>\n<meta name=\"twitter:card\" content=\"summary_large_image\" \/>\n<meta name=\"twitter:label1\" content=\"Tiempo de lectura\" \/>\n\t<meta name=\"twitter:data1\" content=\"2 minutos\" \/>\n<script type=\"application\/ld+json\" class=\"yoast-schema-graph\">{\"@context\":\"https:\/\/schema.org\",\"@graph\":[{\"@type\":\"WebPage\",\"@id\":\"https:\/\/www.blgjustice.com\/practice-areas\/real-estate\/breach-of-contract\/\",\"url\":\"https:\/\/www.blgjustice.com\/practice-areas\/real-estate\/breach-of-contract\/\",\"name\":\"Irvine CA Breach of Contract Attorney | Real Estate Lawyer in Irvine\",\"isPartOf\":{\"@id\":\"https:\/\/www.blgjustice.com\/#website\"},\"primaryImageOfPage\":{\"@id\":\"https:\/\/www.blgjustice.com\/practice-areas\/real-estate\/breach-of-contract\/#primaryimage\"},\"image\":{\"@id\":\"https:\/\/www.blgjustice.com\/practice-areas\/real-estate\/breach-of-contract\/#primaryimage\"},\"thumbnailUrl\":\"https:\/\/blgjustice.com\/wp-content\/uploads\/2022\/09\/Businessman-tearing-contract.jpg\",\"datePublished\":\"2020-07-15T02:35:08+00:00\",\"dateModified\":\"2022-09-23T00:27:59+00:00\",\"description\":\"We help our business clients prepare and negotiate their contracts and transactions and enforce their rights in Court.\",\"breadcrumb\":{\"@id\":\"https:\/\/www.blgjustice.com\/practice-areas\/real-estate\/breach-of-contract\/#breadcrumb\"},\"inLanguage\":\"es\",\"potentialAction\":[{\"@type\":\"ReadAction\",\"target\":[\"https:\/\/www.blgjustice.com\/practice-areas\/real-estate\/breach-of-contract\/\"]}]},{\"@type\":\"ImageObject\",\"inLanguage\":\"es\",\"@id\":\"https:\/\/www.blgjustice.com\/practice-areas\/real-estate\/breach-of-contract\/#primaryimage\",\"url\":\"https:\/\/blgjustice.com\/wp-content\/uploads\/2022\/09\/Businessman-tearing-contract.jpg\",\"contentUrl\":\"https:\/\/blgjustice.com\/wp-content\/uploads\/2022\/09\/Businessman-tearing-contract.jpg\",\"width\":964,\"height\":401,\"caption\":\"businessman tearing contract\"},{\"@type\":\"BreadcrumbList\",\"@id\":\"https:\/\/www.blgjustice.com\/practice-areas\/real-estate\/breach-of-contract\/#breadcrumb\",\"itemListElement\":[{\"@type\":\"ListItem\",\"position\":1,\"name\":\"Home\",\"item\":\"https:\/\/www.blgjustice.com\/\"},{\"@type\":\"ListItem\",\"position\":2,\"name\":\"Practice Areas\",\"item\":\"https:\/\/blgjustice.com\/es\/practice-areas\/\"},{\"@type\":\"ListItem\",\"position\":3,\"name\":\"Real Estate\",\"item\":\"https:\/\/blgjustice.com\/practice-areas\/real-estate\/\"},{\"@type\":\"ListItem\",\"position\":4,\"name\":\"Breach of Contract\"}]},{\"@type\":\"WebSite\",\"@id\":\"https:\/\/www.blgjustice.com\/#website\",\"url\":\"https:\/\/www.blgjustice.com\/\",\"name\":\"Brockmeier Law Group\",\"description\":\"\",\"potentialAction\":[{\"@type\":\"SearchAction\",\"target\":{\"@type\":\"EntryPoint\",\"urlTemplate\":\"https:\/\/www.blgjustice.com\/?s={search_term_string}\"},\"query-input\":{\"@type\":\"PropertyValueSpecification\",\"valueRequired\":true,\"valueName\":\"search_term_string\"}}],\"inLanguage\":\"es\"}]}<\/script>\n<!-- \/ Yoast SEO plugin. -->","yoast_head_json":{"title":"Abogado de Incumplimiento de Contrato en Irvine, CA | Abogado de Bienes Ra\u00edces en Irvine","description":"Ayudamos a nuestros clientes comerciales a preparar y negociar sus contratos y transacciones y a hacer valer sus derechos ante los tribunales.","robots":{"index":"index","follow":"follow","max-snippet":"max-snippet:-1","max-image-preview":"max-image-preview:large","max-video-preview":"max-video-preview:-1"},"canonical":"https:\/\/www.blgjustice.com\/practice-areas\/real-estate\/breach-of-contract\/","og_locale":"es_MX","og_type":"article","og_title":"Irvine CA Breach of Contract Attorney | Real Estate Lawyer in Irvine","og_description":"We help our business clients prepare and negotiate their contracts and transactions and enforce their rights in Court.","og_url":"https:\/\/www.blgjustice.com\/practice-areas\/real-estate\/breach-of-contract\/","og_site_name":"Brockmeier Law Group","article_modified_time":"2022-09-23T00:27:59+00:00","og_image":[{"width":964,"height":401,"url":"https:\/\/www.blgjustice.com\/wp-content\/uploads\/2022\/09\/Businessman-tearing-contract.jpg","type":"image\/jpeg"}],"twitter_card":"summary_large_image","twitter_misc":{"Tiempo de lectura":"2 minutos"},"schema":{"@context":"https:\/\/schema.org","@graph":[{"@type":"WebPage","@id":"https:\/\/www.blgjustice.com\/practice-areas\/real-estate\/breach-of-contract\/","url":"https:\/\/www.blgjustice.com\/practice-areas\/real-estate\/breach-of-contract\/","name":"Abogado de Incumplimiento de Contrato en Irvine, CA | Abogado de Bienes Ra\u00edces en Irvine","isPartOf":{"@id":"https:\/\/www.blgjustice.com\/#website"},"primaryImageOfPage":{"@id":"https:\/\/www.blgjustice.com\/practice-areas\/real-estate\/breach-of-contract\/#primaryimage"},"image":{"@id":"https:\/\/www.blgjustice.com\/practice-areas\/real-estate\/breach-of-contract\/#primaryimage"},"thumbnailUrl":"https:\/\/blgjustice.com\/wp-content\/uploads\/2022\/09\/Businessman-tearing-contract.jpg","datePublished":"2020-07-15T02:35:08+00:00","dateModified":"2022-09-23T00:27:59+00:00","description":"Ayudamos a nuestros clientes comerciales a preparar y negociar sus contratos y transacciones y a hacer valer sus derechos ante los tribunales.","breadcrumb":{"@id":"https:\/\/www.blgjustice.com\/practice-areas\/real-estate\/breach-of-contract\/#breadcrumb"},"inLanguage":"es","potentialAction":[{"@type":"ReadAction","target":["https:\/\/www.blgjustice.com\/practice-areas\/real-estate\/breach-of-contract\/"]}]},{"@type":"ImageObject","inLanguage":"es","@id":"https:\/\/www.blgjustice.com\/practice-areas\/real-estate\/breach-of-contract\/#primaryimage","url":"https:\/\/blgjustice.com\/wp-content\/uploads\/2022\/09\/Businessman-tearing-contract.jpg","contentUrl":"https:\/\/blgjustice.com\/wp-content\/uploads\/2022\/09\/Businessman-tearing-contract.jpg","width":964,"height":401,"caption":"businessman tearing contract"},{"@type":"BreadcrumbList","@id":"https:\/\/www.blgjustice.com\/practice-areas\/real-estate\/breach-of-contract\/#breadcrumb","itemListElement":[{"@type":"ListItem","position":1,"name":"Home","item":"https:\/\/www.blgjustice.com\/"},{"@type":"ListItem","position":2,"name":"Practice Areas","item":"https:\/\/blgjustice.com\/es\/practice-areas\/"},{"@type":"ListItem","position":3,"name":"Real Estate","item":"https:\/\/blgjustice.com\/practice-areas\/real-estate\/"},{"@type":"ListItem","position":4,"name":"Breach of Contract"}]},{"@type":"WebSite","@id":"https:\/\/www.blgjustice.com\/#website","url":"https:\/\/www.blgjustice.com\/","name":"Brockmeier Law Group","description":"","potentialAction":[{"@type":"SearchAction","target":{"@type":"EntryPoint","urlTemplate":"https:\/\/www.blgjustice.com\/?s={search_term_string}"},"query-input":{"@type":"PropertyValueSpecification","valueRequired":true,"valueName":"search_term_string"}}],"inLanguage":"es"}]}},"_links":{"self":[{"href":"https:\/\/blgjustice.com\/es\/wp-json\/wp\/v2\/pages\/238"}],"collection":[{"href":"https:\/\/blgjustice.com\/es\/wp-json\/wp\/v2\/pages"}],"about":[{"href":"https:\/\/blgjustice.com\/es\/wp-json\/wp\/v2\/types\/page"}],"author":[{"embeddable":true,"href":"https:\/\/blgjustice.com\/es\/wp-json\/wp\/v2\/users\/1"}],"replies":[{"embeddable":true,"href":"https:\/\/blgjustice.com\/es\/wp-json\/wp\/v2\/comments?post=238"}],"version-history":[{"count":3,"href":"https:\/\/blgjustice.com\/es\/wp-json\/wp\/v2\/pages\/238\/revisions"}],"predecessor-version":[{"id":591,"href":"https:\/\/blgjustice.com\/es\/wp-json\/wp\/v2\/pages\/238\/revisions\/591"}],"up":[{"embeddable":true,"href":"https:\/\/blgjustice.com\/es\/wp-json\/wp\/v2\/pages\/79"}],"wp:featuredmedia":[{"embeddable":true,"href":"https:\/\/blgjustice.com\/es\/wp-json\/wp\/v2\/media\/1104"}],"wp:attachment":[{"href":"https:\/\/blgjustice.com\/es\/wp-json\/wp\/v2\/media?parent=238"}],"curies":[{"name":"gracias","href":"https:\/\/api.w.org\/{rel}","templated":true}]}}