{"id":243,"date":"2020-07-15T02:39:17","date_gmt":"2020-07-15T02:39:17","guid":{"rendered":"http:\/\/blgjustice.com\/?page_id=243"},"modified":"2022-09-22T23:12:24","modified_gmt":"2022-09-22T23:12:24","slug":"commercial","status":"publish","type":"page","link":"https:\/\/blgjustice.com\/es\/practice-areas\/landlord-and-tenant\/commercial\/","title":{"rendered":"Comercial"},"content":{"rendered":"<h3>Abogados de litigios en Irvine CA<\/h3>\n<p>Los inquilinos comerciales enfrentan una carga m\u00e1s alta que la residencial debido a la naturaleza de la propiedad que se alquila: no es el lugar donde vive, por lo que la Corte y la Legislatura de California han permitido que esta \u00e1rea se determine en gran medida a trav\u00e9s de los t\u00e9rminos del contrato de arrendamiento. Por lo tanto, es importante revisar el contrato de arrendamiento con un abogado antes de firmarlo y consultar con especialistas antes de aceptar el contrato de arrendamiento. A menudo, para los propietarios, el problema es tratar de complacer a todos los inquilinos de un edificio seg\u00fan sea necesario y equilibrar esas necesidades sin ser demandados. Por otro lado, los inquilinos comerciales a menudo descubren que la propiedad no era como se facturaba antes de firmar, y que su arrendador se niega a reparar la propiedad para permitirles realmente realizar el trabajo all\u00ed. Aqu\u00ed es cuando se necesitan abogados litigantes de Brockmeier Law Group para garantizar que los derechos de cada cliente se cumplan seg\u00fan la ley y, a trav\u00e9s de la planificaci\u00f3n, hacer el mejor trabajo para garantizar que estos problemas no surjan cuando nuestros clientes est\u00e1n tratando de ganar dinero, no juicios.<\/p>\n<h4>Infracciones potenciales<\/h4>\n<ul>\n<li><a href=\"http:\/\/blgjustice.com\/es\/breach-of-real-estate-contract-consequences\/\">Incumplimiento de contrato<\/a><\/li>\n<li>Incumplimiento de la garant\u00eda impl\u00edcita de habitabilidad<\/li>\n<li>Violaci\u00f3n del pacto de goce silencioso<\/li>\n<li>Violaci\u00f3n de los requisitos legales de los dep\u00f3sitos de garant\u00eda<\/li>\n<li>Incumplimiento<\/li>\n<li>Falta de pago<\/li>\n<li>Desalojo en represalia<\/li>\n<li>Fraude<\/li>\n<li>Violaci\u00f3n de la secci\u00f3n 296 (c) del C\u00f3digo Penal<\/li>\n<li>negligencia<\/li>\n<li>Infligir intencional y negligentemente angustia emocional<\/li>\n<li>Medidas cautelares<\/li>\n<li>Detenci\u00f3n ilegal<\/li>\n<\/ul>","protected":false},"excerpt":{"rendered":"<p>Irvine CA Litigation Attorneys Commercial tenants face a higher burden then residential because of the nature of the property being rented &#8211; it is not where you live, so the Court&#8217;s and the California Legislature has allowed this area to be determined largely by way of the terms of the lease agreement. Therefore, it is [&hellip;]<\/p>\n","protected":false},"author":1,"featured_media":1087,"parent":83,"menu_order":0,"comment_status":"closed","ping_status":"closed","template":"page-area.php","meta":{"_acf_changed":false,"footnotes":""},"acf":[],"yoast_head":"<!-- This site is optimized with the Yoast SEO plugin v24.5 - https:\/\/yoast.com\/wordpress\/plugins\/seo\/ -->\n<title>Irvine Commercial Tenants Litigation | Irvine Litigation Lawyer<\/title>\n<meta name=\"description\" content=\"Commercial litigation attorneys at Brockmeier Law Group are needed to ensure that each client&#039;s rights are enforced under the law.\" \/>\n<meta name=\"robots\" content=\"index, follow, max-snippet:-1, max-image-preview:large, max-video-preview:-1\" \/>\n<link rel=\"canonical\" href=\"https:\/\/blgjustice.com\/es\/practice-areas\/landlord-and-tenant\/commercial\/\" \/>\n<meta property=\"og:locale\" content=\"es_MX\" \/>\n<meta property=\"og:type\" content=\"article\" \/>\n<meta property=\"og:title\" content=\"Irvine Commercial Tenants Litigation | Irvine Litigation Lawyer\" \/>\n<meta property=\"og:description\" content=\"Commercial litigation attorneys at Brockmeier Law Group are needed to ensure that each client&#039;s rights are enforced under the law.\" \/>\n<meta property=\"og:url\" content=\"https:\/\/blgjustice.com\/es\/practice-areas\/landlord-and-tenant\/commercial\/\" \/>\n<meta property=\"og:site_name\" content=\"Brockmeier Law Group\" \/>\n<meta property=\"article:modified_time\" content=\"2022-09-22T23:12:24+00:00\" \/>\n<meta property=\"og:image\" content=\"https:\/\/blgjustice.com\/wp-content\/uploads\/2022\/09\/Young-smiling-couple-visiting-real-estate-agency-shaking-hands-with-realtor.jpg\" \/>\n\t<meta property=\"og:image:width\" content=\"964\" \/>\n\t<meta property=\"og:image:height\" content=\"401\" \/>\n\t<meta property=\"og:image:type\" content=\"image\/jpeg\" \/>\n<meta name=\"twitter:card\" content=\"summary_large_image\" \/>\n<meta name=\"twitter:label1\" content=\"Tiempo de lectura\" \/>\n\t<meta name=\"twitter:data1\" content=\"2 minutos\" \/>\n<script type=\"application\/ld+json\" class=\"yoast-schema-graph\">{\"@context\":\"https:\/\/schema.org\",\"@graph\":[{\"@type\":\"WebPage\",\"@id\":\"https:\/\/blgjustice.com\/es\/practice-areas\/landlord-and-tenant\/commercial\/\",\"url\":\"https:\/\/blgjustice.com\/es\/practice-areas\/landlord-and-tenant\/commercial\/\",\"name\":\"Irvine Commercial Tenants Litigation | Irvine Litigation Lawyer\",\"isPartOf\":{\"@id\":\"https:\/\/www.blgjustice.com\/#website\"},\"primaryImageOfPage\":{\"@id\":\"https:\/\/blgjustice.com\/es\/practice-areas\/landlord-and-tenant\/commercial\/#primaryimage\"},\"image\":{\"@id\":\"https:\/\/blgjustice.com\/es\/practice-areas\/landlord-and-tenant\/commercial\/#primaryimage\"},\"thumbnailUrl\":\"https:\/\/blgjustice.com\/wp-content\/uploads\/2022\/09\/Young-smiling-couple-visiting-real-estate-agency-shaking-hands-with-realtor.jpg\",\"datePublished\":\"2020-07-15T02:39:17+00:00\",\"dateModified\":\"2022-09-22T23:12:24+00:00\",\"description\":\"Commercial litigation attorneys at Brockmeier Law Group are needed to ensure that each client's rights are enforced under the law.\",\"breadcrumb\":{\"@id\":\"https:\/\/blgjustice.com\/es\/practice-areas\/landlord-and-tenant\/commercial\/#breadcrumb\"},\"inLanguage\":\"es\",\"potentialAction\":[{\"@type\":\"ReadAction\",\"target\":[\"https:\/\/blgjustice.com\/es\/practice-areas\/landlord-and-tenant\/commercial\/\"]}]},{\"@type\":\"ImageObject\",\"inLanguage\":\"es\",\"@id\":\"https:\/\/blgjustice.com\/es\/practice-areas\/landlord-and-tenant\/commercial\/#primaryimage\",\"url\":\"https:\/\/blgjustice.com\/wp-content\/uploads\/2022\/09\/Young-smiling-couple-visiting-real-estate-agency-shaking-hands-with-realtor.jpg\",\"contentUrl\":\"https:\/\/blgjustice.com\/wp-content\/uploads\/2022\/09\/Young-smiling-couple-visiting-real-estate-agency-shaking-hands-with-realtor.jpg\",\"width\":964,\"height\":401,\"caption\":\"young smiling couple visiting real estate agency shaking hands with realtor\"},{\"@type\":\"BreadcrumbList\",\"@id\":\"https:\/\/blgjustice.com\/es\/practice-areas\/landlord-and-tenant\/commercial\/#breadcrumb\",\"itemListElement\":[{\"@type\":\"ListItem\",\"position\":1,\"name\":\"Home\",\"item\":\"https:\/\/www.blgjustice.com\/\"},{\"@type\":\"ListItem\",\"position\":2,\"name\":\"Practice Areas\",\"item\":\"https:\/\/blgjustice.com\/es\/practice-areas\/\"},{\"@type\":\"ListItem\",\"position\":3,\"name\":\"Landlord and Tenant\",\"item\":\"https:\/\/blgjustice.com\/es\/practice-areas\/landlord-and-tenant\/\"},{\"@type\":\"ListItem\",\"position\":4,\"name\":\"Commercial\"}]},{\"@type\":\"WebSite\",\"@id\":\"https:\/\/www.blgjustice.com\/#website\",\"url\":\"https:\/\/www.blgjustice.com\/\",\"name\":\"Brockmeier Law Group\",\"description\":\"\",\"potentialAction\":[{\"@type\":\"SearchAction\",\"target\":{\"@type\":\"EntryPoint\",\"urlTemplate\":\"https:\/\/www.blgjustice.com\/?s={search_term_string}\"},\"query-input\":{\"@type\":\"PropertyValueSpecification\",\"valueRequired\":true,\"valueName\":\"search_term_string\"}}],\"inLanguage\":\"es\"}]}<\/script>\n<!-- \/ Yoast SEO plugin. -->","yoast_head_json":{"title":"Litigios de inquilinos comerciales en Irvine | Abogado litigante de Irvine","description":"Los abogados especializados en litigios comerciales de Brockmeier Law Group son necesarios para garantizar que los derechos de cada cliente se respeten ante la ley.","robots":{"index":"index","follow":"follow","max-snippet":"max-snippet:-1","max-image-preview":"max-image-preview:large","max-video-preview":"max-video-preview:-1"},"canonical":"https:\/\/blgjustice.com\/es\/practice-areas\/landlord-and-tenant\/commercial\/","og_locale":"es_MX","og_type":"article","og_title":"Irvine Commercial Tenants Litigation | Irvine Litigation Lawyer","og_description":"Commercial litigation attorneys at Brockmeier Law Group are needed to ensure that each client's rights are enforced under the law.","og_url":"https:\/\/blgjustice.com\/es\/practice-areas\/landlord-and-tenant\/commercial\/","og_site_name":"Brockmeier Law Group","article_modified_time":"2022-09-22T23:12:24+00:00","og_image":[{"width":964,"height":401,"url":"https:\/\/blgjustice.com\/wp-content\/uploads\/2022\/09\/Young-smiling-couple-visiting-real-estate-agency-shaking-hands-with-realtor.jpg","type":"image\/jpeg"}],"twitter_card":"summary_large_image","twitter_misc":{"Tiempo de lectura":"2 minutos"},"schema":{"@context":"https:\/\/schema.org","@graph":[{"@type":"WebPage","@id":"https:\/\/blgjustice.com\/es\/practice-areas\/landlord-and-tenant\/commercial\/","url":"https:\/\/blgjustice.com\/es\/practice-areas\/landlord-and-tenant\/commercial\/","name":"Litigios de inquilinos comerciales en Irvine | Abogado litigante de Irvine","isPartOf":{"@id":"https:\/\/www.blgjustice.com\/#website"},"primaryImageOfPage":{"@id":"https:\/\/blgjustice.com\/es\/practice-areas\/landlord-and-tenant\/commercial\/#primaryimage"},"image":{"@id":"https:\/\/blgjustice.com\/es\/practice-areas\/landlord-and-tenant\/commercial\/#primaryimage"},"thumbnailUrl":"https:\/\/blgjustice.com\/wp-content\/uploads\/2022\/09\/Young-smiling-couple-visiting-real-estate-agency-shaking-hands-with-realtor.jpg","datePublished":"2020-07-15T02:39:17+00:00","dateModified":"2022-09-22T23:12:24+00:00","description":"Los abogados especializados en litigios comerciales de Brockmeier Law Group son necesarios para garantizar que los derechos de cada cliente se respeten ante la ley.","breadcrumb":{"@id":"https:\/\/blgjustice.com\/es\/practice-areas\/landlord-and-tenant\/commercial\/#breadcrumb"},"inLanguage":"es","potentialAction":[{"@type":"ReadAction","target":["https:\/\/blgjustice.com\/es\/practice-areas\/landlord-and-tenant\/commercial\/"]}]},{"@type":"ImageObject","inLanguage":"es","@id":"https:\/\/blgjustice.com\/es\/practice-areas\/landlord-and-tenant\/commercial\/#primaryimage","url":"https:\/\/blgjustice.com\/wp-content\/uploads\/2022\/09\/Young-smiling-couple-visiting-real-estate-agency-shaking-hands-with-realtor.jpg","contentUrl":"https:\/\/blgjustice.com\/wp-content\/uploads\/2022\/09\/Young-smiling-couple-visiting-real-estate-agency-shaking-hands-with-realtor.jpg","width":964,"height":401,"caption":"young smiling couple visiting real estate agency shaking hands with realtor"},{"@type":"BreadcrumbList","@id":"https:\/\/blgjustice.com\/es\/practice-areas\/landlord-and-tenant\/commercial\/#breadcrumb","itemListElement":[{"@type":"ListItem","position":1,"name":"Home","item":"https:\/\/www.blgjustice.com\/"},{"@type":"ListItem","position":2,"name":"Practice Areas","item":"https:\/\/blgjustice.com\/es\/practice-areas\/"},{"@type":"ListItem","position":3,"name":"Landlord and Tenant","item":"https:\/\/blgjustice.com\/es\/practice-areas\/landlord-and-tenant\/"},{"@type":"ListItem","position":4,"name":"Commercial"}]},{"@type":"WebSite","@id":"https:\/\/www.blgjustice.com\/#website","url":"https:\/\/www.blgjustice.com\/","name":"Brockmeier Law Group","description":"","potentialAction":[{"@type":"SearchAction","target":{"@type":"EntryPoint","urlTemplate":"https:\/\/www.blgjustice.com\/?s={search_term_string}"},"query-input":{"@type":"PropertyValueSpecification","valueRequired":true,"valueName":"search_term_string"}}],"inLanguage":"es"}]}},"_links":{"self":[{"href":"https:\/\/blgjustice.com\/es\/wp-json\/wp\/v2\/pages\/243"}],"collection":[{"href":"https:\/\/blgjustice.com\/es\/wp-json\/wp\/v2\/pages"}],"about":[{"href":"https:\/\/blgjustice.com\/es\/wp-json\/wp\/v2\/types\/page"}],"author":[{"embeddable":true,"href":"https:\/\/blgjustice.com\/es\/wp-json\/wp\/v2\/users\/1"}],"replies":[{"embeddable":true,"href":"https:\/\/blgjustice.com\/es\/wp-json\/wp\/v2\/comments?post=243"}],"version-history":[{"count":4,"href":"https:\/\/blgjustice.com\/es\/wp-json\/wp\/v2\/pages\/243\/revisions"}],"predecessor-version":[{"id":1192,"href":"https:\/\/blgjustice.com\/es\/wp-json\/wp\/v2\/pages\/243\/revisions\/1192"}],"up":[{"embeddable":true,"href":"https:\/\/blgjustice.com\/es\/wp-json\/wp\/v2\/pages\/83"}],"wp:featuredmedia":[{"embeddable":true,"href":"https:\/\/blgjustice.com\/es\/wp-json\/wp\/v2\/media\/1087"}],"wp:attachment":[{"href":"https:\/\/blgjustice.com\/es\/wp-json\/wp\/v2\/media?parent=243"}],"curies":[{"name":"gracias","href":"https:\/\/api.w.org\/{rel}","templated":true}]}}