{"id":245,"date":"2020-07-15T02:40:23","date_gmt":"2020-07-15T02:40:23","guid":{"rendered":"http:\/\/blgjustice.com\/?page_id=245"},"modified":"2022-09-22T23:15:36","modified_gmt":"2022-09-22T23:15:36","slug":"property-rights","status":"publish","type":"page","link":"https:\/\/blgjustice.com\/es\/practice-areas\/landlord-and-tenant\/property-rights\/","title":{"rendered":"Derechos de propiedad"},"content":{"rendered":"<h3>Abogados de derechos de propiedad en Irvine<\/h3>\n<p>Cada individuo en el que se aventura o tiene un inter\u00e9s en la propiedad inmueble tiene ciertos derechos y obligaciones: Invitado, intruso, propietario, ocupante y \/ o intereses financieros. Las circunstancias y el comportamiento de los tenedores de intereses inmobiliarios pueden ser determinantes en los respectivos deberes que se le deben al otro y en los derechos que cada uno pueda tener.<\/p>\n<h4>Deberes<\/h4>\n<ul>\n<li>Permiso, expl\u00edcito o impl\u00edcito<\/li>\n<li>Alcance de los deberes<\/li>\n<li>Protecci\u00f3n de obligaciones<\/li>\n<li>Indemnizaci\u00f3n por lesiones<\/li>\n<li>Aviso de condiciones<\/li>\n<li>Estado de usuario<\/li>\n<\/ul>\n<p>Brockmeier Law Group tiene una experiencia desarrollada en el an\u00e1lisis y evaluaci\u00f3n de los deberes y obligaciones respectivos de los diversos titulares de intereses en una variedad de circunstancias y m\u00faltiples niveles de obligaciones, y puede clasificar y aplicar la ley aplicable para asesorar a las personas sobre sus derechos y responsabilidades.<\/p>","protected":false},"excerpt":{"rendered":"<p>Irvine Property Rights Attorneys Each individual the ventures onto or holds an interest in real property has certain rights and obligations: Invitee, trespasser, owner, occupant, and\/or financial interests. The circumstances and behavior of property interest holders can be determinant in the respective duties owed to the other and the rights each may have. Duties Permission, [&hellip;]<\/p>\n","protected":false},"author":1,"featured_media":1088,"parent":83,"menu_order":0,"comment_status":"closed","ping_status":"closed","template":"page-area.php","meta":{"_acf_changed":false,"footnotes":""},"acf":[],"yoast_head":"<!-- This site is optimized with the Yoast SEO plugin v24.5 - https:\/\/yoast.com\/wordpress\/plugins\/seo\/ -->\n<title>Irvine CA Property Rights Attorneys | Brockmeier Law Group<\/title>\n<meta name=\"description\" content=\"Each individual the ventures onto or holds an interest in real property has certain rights and obligations.\" \/>\n<meta name=\"robots\" content=\"index, follow, max-snippet:-1, max-image-preview:large, max-video-preview:-1\" \/>\n<link rel=\"canonical\" href=\"https:\/\/www.blgjustice.com\/practice-areas\/landlord-and-tenant\/property-rights\/\" \/>\n<meta property=\"og:locale\" content=\"es_MX\" \/>\n<meta property=\"og:type\" content=\"article\" \/>\n<meta property=\"og:title\" content=\"Irvine CA Property Rights Attorneys | Brockmeier Law Group\" \/>\n<meta property=\"og:description\" content=\"Each individual the ventures onto or holds an interest in real property has certain rights and obligations.\" \/>\n<meta property=\"og:url\" content=\"https:\/\/www.blgjustice.com\/practice-areas\/landlord-and-tenant\/property-rights\/\" \/>\n<meta property=\"og:site_name\" content=\"Brockmeier Law Group\" \/>\n<meta property=\"article:modified_time\" content=\"2022-09-22T23:15:36+00:00\" \/>\n<meta property=\"og:image\" content=\"https:\/\/www.blgjustice.com\/wp-content\/uploads\/2022\/09\/Settlement-of-property-lawsuits-and-compensation-for-damages.jpg\" \/>\n\t<meta property=\"og:image:width\" content=\"964\" \/>\n\t<meta property=\"og:image:height\" content=\"401\" \/>\n\t<meta property=\"og:image:type\" content=\"image\/jpeg\" \/>\n<meta name=\"twitter:card\" content=\"summary_large_image\" \/>\n<meta name=\"twitter:label1\" content=\"Tiempo de lectura\" \/>\n\t<meta name=\"twitter:data1\" content=\"1 minuto\" \/>\n<script type=\"application\/ld+json\" class=\"yoast-schema-graph\">{\"@context\":\"https:\/\/schema.org\",\"@graph\":[{\"@type\":\"WebPage\",\"@id\":\"https:\/\/www.blgjustice.com\/practice-areas\/landlord-and-tenant\/property-rights\/\",\"url\":\"https:\/\/www.blgjustice.com\/practice-areas\/landlord-and-tenant\/property-rights\/\",\"name\":\"Irvine CA Property Rights Attorneys | Brockmeier Law Group\",\"isPartOf\":{\"@id\":\"https:\/\/www.blgjustice.com\/#website\"},\"primaryImageOfPage\":{\"@id\":\"https:\/\/www.blgjustice.com\/practice-areas\/landlord-and-tenant\/property-rights\/#primaryimage\"},\"image\":{\"@id\":\"https:\/\/www.blgjustice.com\/practice-areas\/landlord-and-tenant\/property-rights\/#primaryimage\"},\"thumbnailUrl\":\"https:\/\/blgjustice.com\/wp-content\/uploads\/2022\/09\/Settlement-of-property-lawsuits-and-compensation-for-damages.jpg\",\"datePublished\":\"2020-07-15T02:40:23+00:00\",\"dateModified\":\"2022-09-22T23:15:36+00:00\",\"description\":\"Each individual the ventures onto or holds an interest in real property has certain rights and obligations.\",\"breadcrumb\":{\"@id\":\"https:\/\/www.blgjustice.com\/practice-areas\/landlord-and-tenant\/property-rights\/#breadcrumb\"},\"inLanguage\":\"es\",\"potentialAction\":[{\"@type\":\"ReadAction\",\"target\":[\"https:\/\/www.blgjustice.com\/practice-areas\/landlord-and-tenant\/property-rights\/\"]}]},{\"@type\":\"ImageObject\",\"inLanguage\":\"es\",\"@id\":\"https:\/\/www.blgjustice.com\/practice-areas\/landlord-and-tenant\/property-rights\/#primaryimage\",\"url\":\"https:\/\/blgjustice.com\/wp-content\/uploads\/2022\/09\/Settlement-of-property-lawsuits-and-compensation-for-damages.jpg\",\"contentUrl\":\"https:\/\/blgjustice.com\/wp-content\/uploads\/2022\/09\/Settlement-of-property-lawsuits-and-compensation-for-damages.jpg\",\"width\":964,\"height\":401,\"caption\":\"settlement of property lawsuits and compensation for damages\"},{\"@type\":\"BreadcrumbList\",\"@id\":\"https:\/\/www.blgjustice.com\/practice-areas\/landlord-and-tenant\/property-rights\/#breadcrumb\",\"itemListElement\":[{\"@type\":\"ListItem\",\"position\":1,\"name\":\"Home\",\"item\":\"https:\/\/www.blgjustice.com\/\"},{\"@type\":\"ListItem\",\"position\":2,\"name\":\"Practice Areas\",\"item\":\"https:\/\/blgjustice.com\/es\/practice-areas\/\"},{\"@type\":\"ListItem\",\"position\":3,\"name\":\"Landlord and Tenant\",\"item\":\"https:\/\/blgjustice.com\/es\/practice-areas\/landlord-and-tenant\/\"},{\"@type\":\"ListItem\",\"position\":4,\"name\":\"Property Rights\"}]},{\"@type\":\"WebSite\",\"@id\":\"https:\/\/www.blgjustice.com\/#website\",\"url\":\"https:\/\/www.blgjustice.com\/\",\"name\":\"Brockmeier Law Group\",\"description\":\"\",\"potentialAction\":[{\"@type\":\"SearchAction\",\"target\":{\"@type\":\"EntryPoint\",\"urlTemplate\":\"https:\/\/www.blgjustice.com\/?s={search_term_string}\"},\"query-input\":{\"@type\":\"PropertyValueSpecification\",\"valueRequired\":true,\"valueName\":\"search_term_string\"}}],\"inLanguage\":\"es\"}]}<\/script>\n<!-- \/ Yoast SEO plugin. -->","yoast_head_json":{"title":"Abogados de derechos de propiedad en Irvine, CA | Brockmeier Law Group","description":"Cada individuo que se aventura o tiene un inter\u00e9s en un bien inmueble tiene ciertos derechos y obligaciones.","robots":{"index":"index","follow":"follow","max-snippet":"max-snippet:-1","max-image-preview":"max-image-preview:large","max-video-preview":"max-video-preview:-1"},"canonical":"https:\/\/www.blgjustice.com\/practice-areas\/landlord-and-tenant\/property-rights\/","og_locale":"es_MX","og_type":"article","og_title":"Irvine CA Property Rights Attorneys | Brockmeier Law Group","og_description":"Each individual the ventures onto or holds an interest in real property has certain rights and obligations.","og_url":"https:\/\/www.blgjustice.com\/practice-areas\/landlord-and-tenant\/property-rights\/","og_site_name":"Brockmeier Law Group","article_modified_time":"2022-09-22T23:15:36+00:00","og_image":[{"width":964,"height":401,"url":"https:\/\/www.blgjustice.com\/wp-content\/uploads\/2022\/09\/Settlement-of-property-lawsuits-and-compensation-for-damages.jpg","type":"image\/jpeg"}],"twitter_card":"summary_large_image","twitter_misc":{"Tiempo de lectura":"1 minuto"},"schema":{"@context":"https:\/\/schema.org","@graph":[{"@type":"WebPage","@id":"https:\/\/www.blgjustice.com\/practice-areas\/landlord-and-tenant\/property-rights\/","url":"https:\/\/www.blgjustice.com\/practice-areas\/landlord-and-tenant\/property-rights\/","name":"Abogados de derechos de propiedad en Irvine, CA | Brockmeier Law Group","isPartOf":{"@id":"https:\/\/www.blgjustice.com\/#website"},"primaryImageOfPage":{"@id":"https:\/\/www.blgjustice.com\/practice-areas\/landlord-and-tenant\/property-rights\/#primaryimage"},"image":{"@id":"https:\/\/www.blgjustice.com\/practice-areas\/landlord-and-tenant\/property-rights\/#primaryimage"},"thumbnailUrl":"https:\/\/blgjustice.com\/wp-content\/uploads\/2022\/09\/Settlement-of-property-lawsuits-and-compensation-for-damages.jpg","datePublished":"2020-07-15T02:40:23+00:00","dateModified":"2022-09-22T23:15:36+00:00","description":"Cada individuo que se aventura o tiene un inter\u00e9s en un bien inmueble tiene ciertos derechos y obligaciones.","breadcrumb":{"@id":"https:\/\/www.blgjustice.com\/practice-areas\/landlord-and-tenant\/property-rights\/#breadcrumb"},"inLanguage":"es","potentialAction":[{"@type":"ReadAction","target":["https:\/\/www.blgjustice.com\/practice-areas\/landlord-and-tenant\/property-rights\/"]}]},{"@type":"ImageObject","inLanguage":"es","@id":"https:\/\/www.blgjustice.com\/practice-areas\/landlord-and-tenant\/property-rights\/#primaryimage","url":"https:\/\/blgjustice.com\/wp-content\/uploads\/2022\/09\/Settlement-of-property-lawsuits-and-compensation-for-damages.jpg","contentUrl":"https:\/\/blgjustice.com\/wp-content\/uploads\/2022\/09\/Settlement-of-property-lawsuits-and-compensation-for-damages.jpg","width":964,"height":401,"caption":"settlement of property lawsuits and compensation for damages"},{"@type":"BreadcrumbList","@id":"https:\/\/www.blgjustice.com\/practice-areas\/landlord-and-tenant\/property-rights\/#breadcrumb","itemListElement":[{"@type":"ListItem","position":1,"name":"Home","item":"https:\/\/www.blgjustice.com\/"},{"@type":"ListItem","position":2,"name":"Practice Areas","item":"https:\/\/blgjustice.com\/es\/practice-areas\/"},{"@type":"ListItem","position":3,"name":"Landlord and Tenant","item":"https:\/\/blgjustice.com\/es\/practice-areas\/landlord-and-tenant\/"},{"@type":"ListItem","position":4,"name":"Property Rights"}]},{"@type":"WebSite","@id":"https:\/\/www.blgjustice.com\/#website","url":"https:\/\/www.blgjustice.com\/","name":"Brockmeier Law Group","description":"","potentialAction":[{"@type":"SearchAction","target":{"@type":"EntryPoint","urlTemplate":"https:\/\/www.blgjustice.com\/?s={search_term_string}"},"query-input":{"@type":"PropertyValueSpecification","valueRequired":true,"valueName":"search_term_string"}}],"inLanguage":"es"}]}},"_links":{"self":[{"href":"https:\/\/blgjustice.com\/es\/wp-json\/wp\/v2\/pages\/245"}],"collection":[{"href":"https:\/\/blgjustice.com\/es\/wp-json\/wp\/v2\/pages"}],"about":[{"href":"https:\/\/blgjustice.com\/es\/wp-json\/wp\/v2\/types\/page"}],"author":[{"embeddable":true,"href":"https:\/\/blgjustice.com\/es\/wp-json\/wp\/v2\/users\/1"}],"replies":[{"embeddable":true,"href":"https:\/\/blgjustice.com\/es\/wp-json\/wp\/v2\/comments?post=245"}],"version-history":[{"count":2,"href":"https:\/\/blgjustice.com\/es\/wp-json\/wp\/v2\/pages\/245\/revisions"}],"predecessor-version":[{"id":559,"href":"https:\/\/blgjustice.com\/es\/wp-json\/wp\/v2\/pages\/245\/revisions\/559"}],"up":[{"embeddable":true,"href":"https:\/\/blgjustice.com\/es\/wp-json\/wp\/v2\/pages\/83"}],"wp:featuredmedia":[{"embeddable":true,"href":"https:\/\/blgjustice.com\/es\/wp-json\/wp\/v2\/media\/1088"}],"wp:attachment":[{"href":"https:\/\/blgjustice.com\/es\/wp-json\/wp\/v2\/media?parent=245"}],"curies":[{"name":"gracias","href":"https:\/\/api.w.org\/{rel}","templated":true}]}}