{"id":247,"date":"2020-07-15T02:41:48","date_gmt":"2020-07-15T02:41:48","guid":{"rendered":"http:\/\/blgjustice.com\/?page_id=247"},"modified":"2022-09-22T23:03:19","modified_gmt":"2022-09-22T23:03:19","slug":"wage-hour-disputes","status":"publish","type":"page","link":"https:\/\/blgjustice.com\/es\/practice-areas\/employment-law\/wage-hour-disputes\/","title":{"rendered":"Disputas de salario \/ hora"},"content":{"rendered":"<h3>Abogado de empleo de Irvine CA<\/h3>\n<p>Si su empleador ha estado reteniendo salarios al violar las leyes de salarios y horas federales y estatales, informe el problema al departamento de n\u00f3mina de la empresa o al departamento de Recursos Humanos (RR.HH.).<\/p>\n<p>Las reclamaciones por disputas de salarios \/ horas no pagadas deben presentarse dentro de los 3 a\u00f1os posteriores a la infracci\u00f3n. Es posible que se necesite lo siguiente para probar su caso: talones de pago, testimonio de compa\u00f1eros de trabajo, registros del reloj de tiempo y \/ o pol\u00edticas de la empresa.<\/p>\n<h4>Infracciones potenciales<\/h4>\n<ul>\n<li>Violaci\u00f3n del salario m\u00ednimo<\/li>\n<li>Violaci\u00f3n de horas<\/li>\n<li>Clasificaci\u00f3n err\u00f3nea de empleados<\/li>\n<li>Reembolsos<\/li>\n<li>D\u00edas de pago y cheque de pago final<\/li>\n<\/ul>","protected":false},"excerpt":{"rendered":"<p>Irvine CA Employment Attorney If your employer has been withholding wages by violating federal and state wage and hour laws, report the issue to the company payroll department or Human Resources (HR). Claims for unpaid wages\/hour disputes must be filed within 3 years of the violation. The following may be needed to prove your case: [&hellip;]<\/p>\n","protected":false},"author":1,"featured_media":1082,"parent":85,"menu_order":0,"comment_status":"closed","ping_status":"closed","template":"page-area.php","meta":{"_acf_changed":false,"footnotes":""},"acf":[],"yoast_head":"<!-- This site is optimized with the Yoast SEO plugin v24.5 - https:\/\/yoast.com\/wordpress\/plugins\/seo\/ -->\n<title>CA Work Wage and Hour Disputes | Irvine Employment Attorneys<\/title>\n<meta name=\"description\" content=\"If your employer has been withholding wages by violating federal and state wage and hour laws, report the issue to Human Resources (HR).\" \/>\n<meta name=\"robots\" content=\"index, follow, max-snippet:-1, max-image-preview:large, max-video-preview:-1\" \/>\n<link rel=\"canonical\" href=\"https:\/\/blgjustice.com\/es\/practice-areas\/employment-law\/wage-hour-disputes\/\" \/>\n<meta property=\"og:locale\" content=\"es_MX\" \/>\n<meta property=\"og:type\" content=\"article\" \/>\n<meta property=\"og:title\" content=\"CA Work Wage and Hour Disputes | Irvine Employment Attorneys\" \/>\n<meta property=\"og:description\" content=\"If your employer has been withholding wages by violating federal and state wage and hour laws, report the issue to Human Resources (HR).\" \/>\n<meta property=\"og:url\" content=\"https:\/\/blgjustice.com\/es\/practice-areas\/employment-law\/wage-hour-disputes\/\" \/>\n<meta property=\"og:site_name\" content=\"Brockmeier Law Group\" \/>\n<meta property=\"article:modified_time\" content=\"2022-09-22T23:03:19+00:00\" \/>\n<meta property=\"og:image\" content=\"https:\/\/blgjustice.com\/wp-content\/uploads\/2022\/09\/Unpaid-Overtime-title-On-Legal-Documents-with-wooden-gavel.jpg\" \/>\n\t<meta property=\"og:image:width\" content=\"964\" \/>\n\t<meta property=\"og:image:height\" content=\"401\" \/>\n\t<meta property=\"og:image:type\" content=\"image\/jpeg\" \/>\n<meta name=\"twitter:card\" content=\"summary_large_image\" \/>\n<meta name=\"twitter:label1\" content=\"Tiempo de lectura\" \/>\n\t<meta name=\"twitter:data1\" content=\"1 minuto\" \/>\n<script type=\"application\/ld+json\" class=\"yoast-schema-graph\">{\"@context\":\"https:\/\/schema.org\",\"@graph\":[{\"@type\":\"WebPage\",\"@id\":\"https:\/\/blgjustice.com\/practice-areas\/employment-law\/wage-hour-disputes\/\",\"url\":\"https:\/\/blgjustice.com\/practice-areas\/employment-law\/wage-hour-disputes\/\",\"name\":\"CA Work Wage and Hour Disputes | Irvine Employment Attorneys\",\"isPartOf\":{\"@id\":\"https:\/\/www.blgjustice.com\/#website\"},\"primaryImageOfPage\":{\"@id\":\"https:\/\/blgjustice.com\/practice-areas\/employment-law\/wage-hour-disputes\/#primaryimage\"},\"image\":{\"@id\":\"https:\/\/blgjustice.com\/practice-areas\/employment-law\/wage-hour-disputes\/#primaryimage\"},\"thumbnailUrl\":\"https:\/\/blgjustice.com\/wp-content\/uploads\/2022\/09\/Unpaid-Overtime-title-On-Legal-Documents-with-wooden-gavel.jpg\",\"datePublished\":\"2020-07-15T02:41:48+00:00\",\"dateModified\":\"2022-09-22T23:03:19+00:00\",\"description\":\"If your employer has been withholding wages by violating federal and state wage and hour laws, report the issue to Human Resources (HR).\",\"breadcrumb\":{\"@id\":\"https:\/\/blgjustice.com\/practice-areas\/employment-law\/wage-hour-disputes\/#breadcrumb\"},\"inLanguage\":\"es\",\"potentialAction\":[{\"@type\":\"ReadAction\",\"target\":[\"https:\/\/blgjustice.com\/practice-areas\/employment-law\/wage-hour-disputes\/\"]}]},{\"@type\":\"ImageObject\",\"inLanguage\":\"es\",\"@id\":\"https:\/\/blgjustice.com\/practice-areas\/employment-law\/wage-hour-disputes\/#primaryimage\",\"url\":\"https:\/\/blgjustice.com\/wp-content\/uploads\/2022\/09\/Unpaid-Overtime-title-On-Legal-Documents-with-wooden-gavel.jpg\",\"contentUrl\":\"https:\/\/blgjustice.com\/wp-content\/uploads\/2022\/09\/Unpaid-Overtime-title-On-Legal-Documents-with-wooden-gavel.jpg\",\"width\":964,\"height\":401,\"caption\":\"unpaid overtime title on legal documents with wooden gavel\"},{\"@type\":\"BreadcrumbList\",\"@id\":\"https:\/\/blgjustice.com\/practice-areas\/employment-law\/wage-hour-disputes\/#breadcrumb\",\"itemListElement\":[{\"@type\":\"ListItem\",\"position\":1,\"name\":\"Home\",\"item\":\"https:\/\/www.blgjustice.com\/\"},{\"@type\":\"ListItem\",\"position\":2,\"name\":\"Practice Areas\",\"item\":\"https:\/\/blgjustice.com\/es\/practice-areas\/\"},{\"@type\":\"ListItem\",\"position\":3,\"name\":\"Employment Law\",\"item\":\"https:\/\/blgjustice.com\/practice-areas\/employment-law\/\"},{\"@type\":\"ListItem\",\"position\":4,\"name\":\"Wage\/Hour Disputes\"}]},{\"@type\":\"WebSite\",\"@id\":\"https:\/\/www.blgjustice.com\/#website\",\"url\":\"https:\/\/www.blgjustice.com\/\",\"name\":\"Brockmeier Law Group\",\"description\":\"\",\"potentialAction\":[{\"@type\":\"SearchAction\",\"target\":{\"@type\":\"EntryPoint\",\"urlTemplate\":\"https:\/\/www.blgjustice.com\/?s={search_term_string}\"},\"query-input\":{\"@type\":\"PropertyValueSpecification\",\"valueRequired\":true,\"valueName\":\"search_term_string\"}}],\"inLanguage\":\"es\"}]}<\/script>\n<!-- \/ Yoast SEO plugin. -->","yoast_head_json":{"title":"Disputas sobre salarios y horarios laborales en California | Abogados laborales de Irvine","description":"Si su empleador ha estado reteniendo salarios violando las leyes federales y estatales sobre salarios y horas, informe el problema a Recursos Humanos (RR.HH.).","robots":{"index":"index","follow":"follow","max-snippet":"max-snippet:-1","max-image-preview":"max-image-preview:large","max-video-preview":"max-video-preview:-1"},"canonical":"https:\/\/blgjustice.com\/es\/practice-areas\/employment-law\/wage-hour-disputes\/","og_locale":"es_MX","og_type":"article","og_title":"CA Work Wage and Hour Disputes | Irvine Employment Attorneys","og_description":"If your employer has been withholding wages by violating federal and state wage and hour laws, report the issue to Human Resources (HR).","og_url":"https:\/\/blgjustice.com\/es\/practice-areas\/employment-law\/wage-hour-disputes\/","og_site_name":"Brockmeier Law Group","article_modified_time":"2022-09-22T23:03:19+00:00","og_image":[{"width":964,"height":401,"url":"https:\/\/blgjustice.com\/wp-content\/uploads\/2022\/09\/Unpaid-Overtime-title-On-Legal-Documents-with-wooden-gavel.jpg","type":"image\/jpeg"}],"twitter_card":"summary_large_image","twitter_misc":{"Tiempo de lectura":"1 minuto"},"schema":{"@context":"https:\/\/schema.org","@graph":[{"@type":"WebPage","@id":"https:\/\/blgjustice.com\/practice-areas\/employment-law\/wage-hour-disputes\/","url":"https:\/\/blgjustice.com\/practice-areas\/employment-law\/wage-hour-disputes\/","name":"Disputas sobre salarios y horarios laborales en California | Abogados laborales de Irvine","isPartOf":{"@id":"https:\/\/www.blgjustice.com\/#website"},"primaryImageOfPage":{"@id":"https:\/\/blgjustice.com\/practice-areas\/employment-law\/wage-hour-disputes\/#primaryimage"},"image":{"@id":"https:\/\/blgjustice.com\/practice-areas\/employment-law\/wage-hour-disputes\/#primaryimage"},"thumbnailUrl":"https:\/\/blgjustice.com\/wp-content\/uploads\/2022\/09\/Unpaid-Overtime-title-On-Legal-Documents-with-wooden-gavel.jpg","datePublished":"2020-07-15T02:41:48+00:00","dateModified":"2022-09-22T23:03:19+00:00","description":"Si su empleador ha estado reteniendo salarios violando las leyes federales y estatales sobre salarios y horas, informe el problema a Recursos Humanos (RR.HH.).","breadcrumb":{"@id":"https:\/\/blgjustice.com\/practice-areas\/employment-law\/wage-hour-disputes\/#breadcrumb"},"inLanguage":"es","potentialAction":[{"@type":"ReadAction","target":["https:\/\/blgjustice.com\/practice-areas\/employment-law\/wage-hour-disputes\/"]}]},{"@type":"ImageObject","inLanguage":"es","@id":"https:\/\/blgjustice.com\/practice-areas\/employment-law\/wage-hour-disputes\/#primaryimage","url":"https:\/\/blgjustice.com\/wp-content\/uploads\/2022\/09\/Unpaid-Overtime-title-On-Legal-Documents-with-wooden-gavel.jpg","contentUrl":"https:\/\/blgjustice.com\/wp-content\/uploads\/2022\/09\/Unpaid-Overtime-title-On-Legal-Documents-with-wooden-gavel.jpg","width":964,"height":401,"caption":"unpaid overtime title on legal documents with wooden gavel"},{"@type":"BreadcrumbList","@id":"https:\/\/blgjustice.com\/practice-areas\/employment-law\/wage-hour-disputes\/#breadcrumb","itemListElement":[{"@type":"ListItem","position":1,"name":"Home","item":"https:\/\/www.blgjustice.com\/"},{"@type":"ListItem","position":2,"name":"Practice Areas","item":"https:\/\/blgjustice.com\/es\/practice-areas\/"},{"@type":"ListItem","position":3,"name":"Employment Law","item":"https:\/\/blgjustice.com\/practice-areas\/employment-law\/"},{"@type":"ListItem","position":4,"name":"Wage\/Hour Disputes"}]},{"@type":"WebSite","@id":"https:\/\/www.blgjustice.com\/#website","url":"https:\/\/www.blgjustice.com\/","name":"Brockmeier Law Group","description":"","potentialAction":[{"@type":"SearchAction","target":{"@type":"EntryPoint","urlTemplate":"https:\/\/www.blgjustice.com\/?s={search_term_string}"},"query-input":{"@type":"PropertyValueSpecification","valueRequired":true,"valueName":"search_term_string"}}],"inLanguage":"es"}]}},"_links":{"self":[{"href":"https:\/\/blgjustice.com\/es\/wp-json\/wp\/v2\/pages\/247"}],"collection":[{"href":"https:\/\/blgjustice.com\/es\/wp-json\/wp\/v2\/pages"}],"about":[{"href":"https:\/\/blgjustice.com\/es\/wp-json\/wp\/v2\/types\/page"}],"author":[{"embeddable":true,"href":"https:\/\/blgjustice.com\/es\/wp-json\/wp\/v2\/users\/1"}],"replies":[{"embeddable":true,"href":"https:\/\/blgjustice.com\/es\/wp-json\/wp\/v2\/comments?post=247"}],"version-history":[{"count":3,"href":"https:\/\/blgjustice.com\/es\/wp-json\/wp\/v2\/pages\/247\/revisions"}],"predecessor-version":[{"id":835,"href":"https:\/\/blgjustice.com\/es\/wp-json\/wp\/v2\/pages\/247\/revisions\/835"}],"up":[{"embeddable":true,"href":"https:\/\/blgjustice.com\/es\/wp-json\/wp\/v2\/pages\/85"}],"wp:featuredmedia":[{"embeddable":true,"href":"https:\/\/blgjustice.com\/es\/wp-json\/wp\/v2\/media\/1082"}],"wp:attachment":[{"href":"https:\/\/blgjustice.com\/es\/wp-json\/wp\/v2\/media?parent=247"}],"curies":[{"name":"gracias","href":"https:\/\/api.w.org\/{rel}","templated":true}]}}