{"id":249,"date":"2020-07-15T02:45:31","date_gmt":"2020-07-15T02:45:31","guid":{"rendered":"http:\/\/blgjustice.com\/?page_id=249"},"modified":"2023-07-31T21:03:05","modified_gmt":"2023-07-31T21:03:05","slug":"workplace-discrimination","status":"publish","type":"page","link":"https:\/\/blgjustice.com\/es\/practice-areas\/employment-law\/workplace-discrimination\/","title":{"rendered":"Discriminaci\u00f3n en el lugar de trabajo"},"content":{"rendered":"<h3>Abogados de discriminaci\u00f3n en el lugar de trabajo en Irvine, CA<\/h3>\n<p>Si usted es v\u00edctima de una acci\u00f3n laboral negativa que fue motivada por <a href=\"http:\/\/blgjustice.com\/es\/common-types-of-discrimination-in-the-workplace\/\">discriminaci\u00f3n<\/a> Brockmeier Law Group (BLG) lo ayudar\u00e1 a obtener la compensaci\u00f3n que merece.<\/p>\n<h4>Discriminaci\u00f3n potencial debido a<\/h4>\n<ul>\n<li>Raza<\/li>\n<li>G\u00e9nero<\/li>\n<li>Orientaci\u00f3n sexual<\/li>\n<li>Discapacidad<\/li>\n<li>El embarazo<\/li>\n<li>Religi\u00f3n<\/li>\n<li>Edad<\/li>\n<li>Nacionalidad<\/li>\n<\/ul>\n<h4>Escenarios potenciales de discriminaci\u00f3n en el lugar de trabajo<\/h4>\n<ul>\n<li>Negar a la v\u00edctima un trabajo para el que est\u00e1 calificada<\/li>\n<li>Pagar a los empleados con salarios diferentes de la misma calificaci\u00f3n<\/li>\n<li>Negar aumentos de sueldo y \/ o promociones<\/li>\n<li><a href=\"http:\/\/blgjustice.com\/es\/workplace-discrimination-hostile-environment\/\">Ambiente de trabajo hostil<\/a><\/li>\n<\/ul>\n<h4>Compensaci\u00f3n potencial por discriminaci\u00f3n en el lugar de trabajo<\/h4>\n<ul>\n<li>Salarios perdidos<\/li>\n<li>Da\u00f1os compensatorios<\/li>\n<li>Da\u00f1os punitivos<\/li>\n<li>Beneficios perdidos<\/li>\n<li>Dolor y sufrimiento<\/li>\n<\/ul>","protected":false},"excerpt":{"rendered":"<p>Irvine CA Workplace Discrimination Attorneys If you are the victim of a negative employment action that was motivated by unlawful discrimination Brockmeier Law Group (BLG) will help you get the compensation you deserve. Potential Discrimination Due To Race Gender Sexual orientation Disability Pregnancy Religion Age Nationality Potential Workplace Discrimination Scenarios Denying victim of a job [&hellip;]<\/p>\n","protected":false},"author":1,"featured_media":1083,"parent":85,"menu_order":0,"comment_status":"closed","ping_status":"closed","template":"page-area.php","meta":{"_acf_changed":false,"footnotes":""},"acf":[],"yoast_head":"<!-- This site is optimized with the Yoast SEO plugin v24.5 - https:\/\/yoast.com\/wordpress\/plugins\/seo\/ -->\n<title>CA Workplace Discrimination Attorneys | Irvine Employment Lawyer<\/title>\n<meta name=\"description\" content=\"If you are the victim of negative employment action that was motivated by unlawful discrimination (BLG) will get your deserved compensation.\" \/>\n<meta name=\"robots\" content=\"index, follow, max-snippet:-1, max-image-preview:large, max-video-preview:-1\" \/>\n<link rel=\"canonical\" href=\"https:\/\/blgjustice.com\/es\/practice-areas\/employment-law\/workplace-discrimination\/\" \/>\n<meta property=\"og:locale\" content=\"es_MX\" \/>\n<meta property=\"og:type\" content=\"article\" \/>\n<meta property=\"og:title\" content=\"CA Workplace Discrimination Attorneys | Irvine Employment Lawyer\" \/>\n<meta property=\"og:description\" content=\"If you are the victim of negative employment action that was motivated by unlawful discrimination (BLG) will get your deserved compensation.\" \/>\n<meta property=\"og:url\" content=\"https:\/\/blgjustice.com\/es\/practice-areas\/employment-law\/workplace-discrimination\/\" \/>\n<meta property=\"og:site_name\" content=\"Brockmeier Law Group\" \/>\n<meta property=\"article:modified_time\" content=\"2023-07-31T21:03:05+00:00\" \/>\n<meta property=\"og:image\" content=\"https:\/\/blgjustice.com\/wp-content\/uploads\/2022\/09\/discrimination-during-meeting-or-feeling-exhausted-tired-of-responsibility-at-work.jpg\" \/>\n\t<meta property=\"og:image:width\" content=\"964\" \/>\n\t<meta property=\"og:image:height\" content=\"401\" \/>\n\t<meta property=\"og:image:type\" content=\"image\/jpeg\" \/>\n<meta name=\"twitter:card\" content=\"summary_large_image\" \/>\n<meta name=\"twitter:label1\" content=\"Tiempo de lectura\" \/>\n\t<meta name=\"twitter:data1\" content=\"1 minuto\" \/>\n<script type=\"application\/ld+json\" class=\"yoast-schema-graph\">{\"@context\":\"https:\/\/schema.org\",\"@graph\":[{\"@type\":\"WebPage\",\"@id\":\"https:\/\/blgjustice.com\/practice-areas\/employment-law\/workplace-discrimination\/\",\"url\":\"https:\/\/blgjustice.com\/practice-areas\/employment-law\/workplace-discrimination\/\",\"name\":\"CA Workplace Discrimination Attorneys | Irvine Employment Lawyer\",\"isPartOf\":{\"@id\":\"https:\/\/www.blgjustice.com\/#website\"},\"primaryImageOfPage\":{\"@id\":\"https:\/\/blgjustice.com\/practice-areas\/employment-law\/workplace-discrimination\/#primaryimage\"},\"image\":{\"@id\":\"https:\/\/blgjustice.com\/practice-areas\/employment-law\/workplace-discrimination\/#primaryimage\"},\"thumbnailUrl\":\"https:\/\/blgjustice.com\/wp-content\/uploads\/2022\/09\/discrimination-during-meeting-or-feeling-exhausted-tired-of-responsibility-at-work.jpg\",\"datePublished\":\"2020-07-15T02:45:31+00:00\",\"dateModified\":\"2023-07-31T21:03:05+00:00\",\"description\":\"If you are the victim of negative employment action that was motivated by unlawful discrimination (BLG) will get your deserved compensation.\",\"breadcrumb\":{\"@id\":\"https:\/\/blgjustice.com\/practice-areas\/employment-law\/workplace-discrimination\/#breadcrumb\"},\"inLanguage\":\"es\",\"potentialAction\":[{\"@type\":\"ReadAction\",\"target\":[\"https:\/\/blgjustice.com\/practice-areas\/employment-law\/workplace-discrimination\/\"]}]},{\"@type\":\"ImageObject\",\"inLanguage\":\"es\",\"@id\":\"https:\/\/blgjustice.com\/practice-areas\/employment-law\/workplace-discrimination\/#primaryimage\",\"url\":\"https:\/\/blgjustice.com\/wp-content\/uploads\/2022\/09\/discrimination-during-meeting-or-feeling-exhausted-tired-of-responsibility-at-work.jpg\",\"contentUrl\":\"https:\/\/blgjustice.com\/wp-content\/uploads\/2022\/09\/discrimination-during-meeting-or-feeling-exhausted-tired-of-responsibility-at-work.jpg\",\"width\":964,\"height\":401,\"caption\":\"discrimination during meeting or feeling exhausted tired of responsibility at work\"},{\"@type\":\"BreadcrumbList\",\"@id\":\"https:\/\/blgjustice.com\/practice-areas\/employment-law\/workplace-discrimination\/#breadcrumb\",\"itemListElement\":[{\"@type\":\"ListItem\",\"position\":1,\"name\":\"Home\",\"item\":\"https:\/\/www.blgjustice.com\/\"},{\"@type\":\"ListItem\",\"position\":2,\"name\":\"Practice Areas\",\"item\":\"https:\/\/blgjustice.com\/es\/practice-areas\/\"},{\"@type\":\"ListItem\",\"position\":3,\"name\":\"Employment Law\",\"item\":\"https:\/\/blgjustice.com\/practice-areas\/employment-law\/\"},{\"@type\":\"ListItem\",\"position\":4,\"name\":\"Workplace Discrimination\"}]},{\"@type\":\"WebSite\",\"@id\":\"https:\/\/www.blgjustice.com\/#website\",\"url\":\"https:\/\/www.blgjustice.com\/\",\"name\":\"Brockmeier Law Group\",\"description\":\"\",\"potentialAction\":[{\"@type\":\"SearchAction\",\"target\":{\"@type\":\"EntryPoint\",\"urlTemplate\":\"https:\/\/www.blgjustice.com\/?s={search_term_string}\"},\"query-input\":{\"@type\":\"PropertyValueSpecification\",\"valueRequired\":true,\"valueName\":\"search_term_string\"}}],\"inLanguage\":\"es\"}]}<\/script>\n<!-- \/ Yoast SEO plugin. -->","yoast_head_json":{"title":"Abogados de discriminaci\u00f3n laboral en California | Abogado laboral en Irvine","description":"Si usted es v\u00edctima de una acci\u00f3n laboral negativa que fue motivada por una discriminaci\u00f3n ilegal, (BLG) obtendr\u00e1 la compensaci\u00f3n que le corresponde.","robots":{"index":"index","follow":"follow","max-snippet":"max-snippet:-1","max-image-preview":"max-image-preview:large","max-video-preview":"max-video-preview:-1"},"canonical":"https:\/\/blgjustice.com\/es\/practice-areas\/employment-law\/workplace-discrimination\/","og_locale":"es_MX","og_type":"article","og_title":"CA Workplace Discrimination Attorneys | Irvine Employment Lawyer","og_description":"If you are the victim of negative employment action that was motivated by unlawful discrimination (BLG) will get your deserved compensation.","og_url":"https:\/\/blgjustice.com\/es\/practice-areas\/employment-law\/workplace-discrimination\/","og_site_name":"Brockmeier Law Group","article_modified_time":"2023-07-31T21:03:05+00:00","og_image":[{"width":964,"height":401,"url":"https:\/\/blgjustice.com\/wp-content\/uploads\/2022\/09\/discrimination-during-meeting-or-feeling-exhausted-tired-of-responsibility-at-work.jpg","type":"image\/jpeg"}],"twitter_card":"summary_large_image","twitter_misc":{"Tiempo de lectura":"1 minuto"},"schema":{"@context":"https:\/\/schema.org","@graph":[{"@type":"WebPage","@id":"https:\/\/blgjustice.com\/practice-areas\/employment-law\/workplace-discrimination\/","url":"https:\/\/blgjustice.com\/practice-areas\/employment-law\/workplace-discrimination\/","name":"Abogados de discriminaci\u00f3n laboral en California | Abogado laboral en Irvine","isPartOf":{"@id":"https:\/\/www.blgjustice.com\/#website"},"primaryImageOfPage":{"@id":"https:\/\/blgjustice.com\/practice-areas\/employment-law\/workplace-discrimination\/#primaryimage"},"image":{"@id":"https:\/\/blgjustice.com\/practice-areas\/employment-law\/workplace-discrimination\/#primaryimage"},"thumbnailUrl":"https:\/\/blgjustice.com\/wp-content\/uploads\/2022\/09\/discrimination-during-meeting-or-feeling-exhausted-tired-of-responsibility-at-work.jpg","datePublished":"2020-07-15T02:45:31+00:00","dateModified":"2023-07-31T21:03:05+00:00","description":"Si usted es v\u00edctima de una acci\u00f3n laboral negativa que fue motivada por una discriminaci\u00f3n ilegal, (BLG) obtendr\u00e1 la compensaci\u00f3n que le corresponde.","breadcrumb":{"@id":"https:\/\/blgjustice.com\/practice-areas\/employment-law\/workplace-discrimination\/#breadcrumb"},"inLanguage":"es","potentialAction":[{"@type":"ReadAction","target":["https:\/\/blgjustice.com\/practice-areas\/employment-law\/workplace-discrimination\/"]}]},{"@type":"ImageObject","inLanguage":"es","@id":"https:\/\/blgjustice.com\/practice-areas\/employment-law\/workplace-discrimination\/#primaryimage","url":"https:\/\/blgjustice.com\/wp-content\/uploads\/2022\/09\/discrimination-during-meeting-or-feeling-exhausted-tired-of-responsibility-at-work.jpg","contentUrl":"https:\/\/blgjustice.com\/wp-content\/uploads\/2022\/09\/discrimination-during-meeting-or-feeling-exhausted-tired-of-responsibility-at-work.jpg","width":964,"height":401,"caption":"discrimination during meeting or feeling exhausted tired of responsibility at work"},{"@type":"BreadcrumbList","@id":"https:\/\/blgjustice.com\/practice-areas\/employment-law\/workplace-discrimination\/#breadcrumb","itemListElement":[{"@type":"ListItem","position":1,"name":"Home","item":"https:\/\/www.blgjustice.com\/"},{"@type":"ListItem","position":2,"name":"Practice Areas","item":"https:\/\/blgjustice.com\/es\/practice-areas\/"},{"@type":"ListItem","position":3,"name":"Employment Law","item":"https:\/\/blgjustice.com\/practice-areas\/employment-law\/"},{"@type":"ListItem","position":4,"name":"Workplace Discrimination"}]},{"@type":"WebSite","@id":"https:\/\/www.blgjustice.com\/#website","url":"https:\/\/www.blgjustice.com\/","name":"Brockmeier Law Group","description":"","potentialAction":[{"@type":"SearchAction","target":{"@type":"EntryPoint","urlTemplate":"https:\/\/www.blgjustice.com\/?s={search_term_string}"},"query-input":{"@type":"PropertyValueSpecification","valueRequired":true,"valueName":"search_term_string"}}],"inLanguage":"es"}]}},"_links":{"self":[{"href":"https:\/\/blgjustice.com\/es\/wp-json\/wp\/v2\/pages\/249"}],"collection":[{"href":"https:\/\/blgjustice.com\/es\/wp-json\/wp\/v2\/pages"}],"about":[{"href":"https:\/\/blgjustice.com\/es\/wp-json\/wp\/v2\/types\/page"}],"author":[{"embeddable":true,"href":"https:\/\/blgjustice.com\/es\/wp-json\/wp\/v2\/users\/1"}],"replies":[{"embeddable":true,"href":"https:\/\/blgjustice.com\/es\/wp-json\/wp\/v2\/comments?post=249"}],"version-history":[{"count":6,"href":"https:\/\/blgjustice.com\/es\/wp-json\/wp\/v2\/pages\/249\/revisions"}],"predecessor-version":[{"id":1371,"href":"https:\/\/blgjustice.com\/es\/wp-json\/wp\/v2\/pages\/249\/revisions\/1371"}],"up":[{"embeddable":true,"href":"https:\/\/blgjustice.com\/es\/wp-json\/wp\/v2\/pages\/85"}],"wp:featuredmedia":[{"embeddable":true,"href":"https:\/\/blgjustice.com\/es\/wp-json\/wp\/v2\/media\/1083"}],"wp:attachment":[{"href":"https:\/\/blgjustice.com\/es\/wp-json\/wp\/v2\/media?parent=249"}],"curies":[{"name":"gracias","href":"https:\/\/api.w.org\/{rel}","templated":true}]}}