{"id":255,"date":"2020-07-15T02:51:25","date_gmt":"2020-07-15T02:51:25","guid":{"rendered":"http:\/\/blgjustice.com\/?page_id=255"},"modified":"2022-09-22T23:08:55","modified_gmt":"2022-09-22T23:08:55","slug":"wrongful-termination","status":"publish","type":"page","link":"https:\/\/blgjustice.com\/es\/practice-areas\/employment-law\/wrongful-termination\/","title":{"rendered":"Terminaci\u00f3n injusta"},"content":{"rendered":"<h3>Abogados de empleo en Irvine, CA<\/h3>\n<p>Incluso si usted es un empleado a voluntad, los empleadores no tienen un poder de despido ilimitado, ni siquiera en su propio negocio.<\/p>\n<h4>Posibles terminaciones il\u00edcitas:<\/h4>\n<ul>\n<li>Descarga constructiva<\/li>\n<li>Discriminaci\u00f3n<\/li>\n<li>Relaci\u00f3n<\/li>\n<li>Ausencia protegida<\/li>\n<\/ul>\n<h4>Compensaci\u00f3n potencial por despido injustificado<\/h4>\n<ul>\n<li>Salarios perdidos<\/li>\n<li>Da\u00f1os punitivos<\/li>\n<li>Beneficios perdidos<\/li>\n<li>Dolor y sufrimiento<\/li>\n<li>Reinstalaci\u00f3n<\/li>\n<li>Capacidad de ganancia disminuida<\/li>\n<\/ul>","protected":false},"excerpt":{"rendered":"<p>Abogados de empleo de Irvine CA Incluso si usted es un empleado a voluntad, los empleadores no tienen un poder de fuego ilimitado, incluso en su propio negocio. Posibles despidos injustificados: Despido constructivo Discriminaci\u00f3n Relaci\u00f3n Ausencia protegida Compensaci\u00f3n potencial por despido injustificado Salarios perdidos Da\u00f1os punitivos Beneficios perdidos Dolor y sufrimiento Reinstalaci\u00f3n Disminuci\u00f3n de la capacidad de ingresos<\/p>","protected":false},"author":1,"featured_media":1086,"parent":85,"menu_order":0,"comment_status":"closed","ping_status":"closed","template":"page-area.php","meta":{"_acf_changed":false,"footnotes":""},"acf":[],"yoast_head":"<!-- This site is optimized with the Yoast SEO plugin v24.5 - https:\/\/yoast.com\/wordpress\/plugins\/seo\/ -->\n<title>Wrongful Termination Attorneys Irvine | Irvine Employment Attorney<\/title>\n<meta name=\"description\" content=\"Even if you are at at-will employee, employers do not have unlimited firing power, even in their own business.\" \/>\n<meta name=\"robots\" content=\"index, follow, max-snippet:-1, max-image-preview:large, max-video-preview:-1\" \/>\n<link rel=\"canonical\" href=\"https:\/\/blgjustice.com\/es\/practice-areas\/employment-law\/wrongful-termination\/\" \/>\n<meta property=\"og:locale\" content=\"es_MX\" \/>\n<meta property=\"og:type\" content=\"article\" \/>\n<meta property=\"og:title\" content=\"Wrongful Termination Attorneys Irvine | Irvine Employment Attorney\" \/>\n<meta property=\"og:description\" content=\"Even if you are at at-will employee, employers do not have unlimited firing power, even in their own business.\" \/>\n<meta property=\"og:url\" content=\"https:\/\/blgjustice.com\/es\/practice-areas\/employment-law\/wrongful-termination\/\" \/>\n<meta property=\"og:site_name\" content=\"Brockmeier Law Group\" \/>\n<meta property=\"article:modified_time\" content=\"2022-09-22T23:08:55+00:00\" \/>\n<meta property=\"og:image\" content=\"https:\/\/blgjustice.com\/wp-content\/uploads\/2022\/09\/Stressed-businessman-feeling-down-after-received-Termination-of-Employment.jpg\" \/>\n\t<meta property=\"og:image:width\" content=\"964\" \/>\n\t<meta property=\"og:image:height\" content=\"401\" \/>\n\t<meta property=\"og:image:type\" content=\"image\/jpeg\" \/>\n<meta name=\"twitter:card\" content=\"summary_large_image\" \/>\n<meta name=\"twitter:label1\" content=\"Tiempo de lectura\" \/>\n\t<meta name=\"twitter:data1\" content=\"1 minuto\" \/>\n<script type=\"application\/ld+json\" class=\"yoast-schema-graph\">{\"@context\":\"https:\/\/schema.org\",\"@graph\":[{\"@type\":\"WebPage\",\"@id\":\"https:\/\/blgjustice.com\/practice-areas\/employment-law\/wrongful-termination\/\",\"url\":\"https:\/\/blgjustice.com\/practice-areas\/employment-law\/wrongful-termination\/\",\"name\":\"Wrongful Termination Attorneys Irvine | Irvine Employment Attorney\",\"isPartOf\":{\"@id\":\"https:\/\/www.blgjustice.com\/#website\"},\"primaryImageOfPage\":{\"@id\":\"https:\/\/blgjustice.com\/practice-areas\/employment-law\/wrongful-termination\/#primaryimage\"},\"image\":{\"@id\":\"https:\/\/blgjustice.com\/practice-areas\/employment-law\/wrongful-termination\/#primaryimage\"},\"thumbnailUrl\":\"https:\/\/blgjustice.com\/wp-content\/uploads\/2022\/09\/Stressed-businessman-feeling-down-after-received-Termination-of-Employment.jpg\",\"datePublished\":\"2020-07-15T02:51:25+00:00\",\"dateModified\":\"2022-09-22T23:08:55+00:00\",\"description\":\"Even if you are at at-will employee, employers do not have unlimited firing power, even in their own business.\",\"breadcrumb\":{\"@id\":\"https:\/\/blgjustice.com\/practice-areas\/employment-law\/wrongful-termination\/#breadcrumb\"},\"inLanguage\":\"es\",\"potentialAction\":[{\"@type\":\"ReadAction\",\"target\":[\"https:\/\/blgjustice.com\/practice-areas\/employment-law\/wrongful-termination\/\"]}]},{\"@type\":\"ImageObject\",\"inLanguage\":\"es\",\"@id\":\"https:\/\/blgjustice.com\/practice-areas\/employment-law\/wrongful-termination\/#primaryimage\",\"url\":\"https:\/\/blgjustice.com\/wp-content\/uploads\/2022\/09\/Stressed-businessman-feeling-down-after-received-Termination-of-Employment.jpg\",\"contentUrl\":\"https:\/\/blgjustice.com\/wp-content\/uploads\/2022\/09\/Stressed-businessman-feeling-down-after-received-Termination-of-Employment.jpg\",\"width\":964,\"height\":401,\"caption\":\"stressed businessman feeling down after received termination of employment\"},{\"@type\":\"BreadcrumbList\",\"@id\":\"https:\/\/blgjustice.com\/practice-areas\/employment-law\/wrongful-termination\/#breadcrumb\",\"itemListElement\":[{\"@type\":\"ListItem\",\"position\":1,\"name\":\"Home\",\"item\":\"https:\/\/www.blgjustice.com\/\"},{\"@type\":\"ListItem\",\"position\":2,\"name\":\"Practice Areas\",\"item\":\"https:\/\/blgjustice.com\/es\/practice-areas\/\"},{\"@type\":\"ListItem\",\"position\":3,\"name\":\"Employment Law\",\"item\":\"https:\/\/blgjustice.com\/practice-areas\/employment-law\/\"},{\"@type\":\"ListItem\",\"position\":4,\"name\":\"Wrongful Termination\"}]},{\"@type\":\"WebSite\",\"@id\":\"https:\/\/www.blgjustice.com\/#website\",\"url\":\"https:\/\/www.blgjustice.com\/\",\"name\":\"Brockmeier Law Group\",\"description\":\"\",\"potentialAction\":[{\"@type\":\"SearchAction\",\"target\":{\"@type\":\"EntryPoint\",\"urlTemplate\":\"https:\/\/www.blgjustice.com\/?s={search_term_string}\"},\"query-input\":{\"@type\":\"PropertyValueSpecification\",\"valueRequired\":true,\"valueName\":\"search_term_string\"}}],\"inLanguage\":\"es\"}]}<\/script>\n<!-- \/ Yoast SEO plugin. -->","yoast_head_json":{"title":"Abogados de despido injustificado en Irvine | Abogado laboral en Irvine","description":"Incluso si usted es un empleado a voluntad, los empleadores no tienen un poder de despido ilimitado, ni siquiera en su propio negocio.","robots":{"index":"index","follow":"follow","max-snippet":"max-snippet:-1","max-image-preview":"max-image-preview:large","max-video-preview":"max-video-preview:-1"},"canonical":"https:\/\/blgjustice.com\/es\/practice-areas\/employment-law\/wrongful-termination\/","og_locale":"es_MX","og_type":"article","og_title":"Wrongful Termination Attorneys Irvine | Irvine Employment Attorney","og_description":"Even if you are at at-will employee, employers do not have unlimited firing power, even in their own business.","og_url":"https:\/\/blgjustice.com\/es\/practice-areas\/employment-law\/wrongful-termination\/","og_site_name":"Brockmeier Law Group","article_modified_time":"2022-09-22T23:08:55+00:00","og_image":[{"width":964,"height":401,"url":"https:\/\/blgjustice.com\/wp-content\/uploads\/2022\/09\/Stressed-businessman-feeling-down-after-received-Termination-of-Employment.jpg","type":"image\/jpeg"}],"twitter_card":"summary_large_image","twitter_misc":{"Tiempo de lectura":"1 minuto"},"schema":{"@context":"https:\/\/schema.org","@graph":[{"@type":"WebPage","@id":"https:\/\/blgjustice.com\/practice-areas\/employment-law\/wrongful-termination\/","url":"https:\/\/blgjustice.com\/practice-areas\/employment-law\/wrongful-termination\/","name":"Abogados de despido injustificado en Irvine | Abogado laboral en Irvine","isPartOf":{"@id":"https:\/\/www.blgjustice.com\/#website"},"primaryImageOfPage":{"@id":"https:\/\/blgjustice.com\/practice-areas\/employment-law\/wrongful-termination\/#primaryimage"},"image":{"@id":"https:\/\/blgjustice.com\/practice-areas\/employment-law\/wrongful-termination\/#primaryimage"},"thumbnailUrl":"https:\/\/blgjustice.com\/wp-content\/uploads\/2022\/09\/Stressed-businessman-feeling-down-after-received-Termination-of-Employment.jpg","datePublished":"2020-07-15T02:51:25+00:00","dateModified":"2022-09-22T23:08:55+00:00","description":"Incluso si usted es un empleado a voluntad, los empleadores no tienen un poder de despido ilimitado, ni siquiera en su propio negocio.","breadcrumb":{"@id":"https:\/\/blgjustice.com\/practice-areas\/employment-law\/wrongful-termination\/#breadcrumb"},"inLanguage":"es","potentialAction":[{"@type":"ReadAction","target":["https:\/\/blgjustice.com\/practice-areas\/employment-law\/wrongful-termination\/"]}]},{"@type":"ImageObject","inLanguage":"es","@id":"https:\/\/blgjustice.com\/practice-areas\/employment-law\/wrongful-termination\/#primaryimage","url":"https:\/\/blgjustice.com\/wp-content\/uploads\/2022\/09\/Stressed-businessman-feeling-down-after-received-Termination-of-Employment.jpg","contentUrl":"https:\/\/blgjustice.com\/wp-content\/uploads\/2022\/09\/Stressed-businessman-feeling-down-after-received-Termination-of-Employment.jpg","width":964,"height":401,"caption":"stressed businessman feeling down after received termination of employment"},{"@type":"BreadcrumbList","@id":"https:\/\/blgjustice.com\/practice-areas\/employment-law\/wrongful-termination\/#breadcrumb","itemListElement":[{"@type":"ListItem","position":1,"name":"Home","item":"https:\/\/www.blgjustice.com\/"},{"@type":"ListItem","position":2,"name":"Practice Areas","item":"https:\/\/blgjustice.com\/es\/practice-areas\/"},{"@type":"ListItem","position":3,"name":"Employment Law","item":"https:\/\/blgjustice.com\/practice-areas\/employment-law\/"},{"@type":"ListItem","position":4,"name":"Wrongful Termination"}]},{"@type":"WebSite","@id":"https:\/\/www.blgjustice.com\/#website","url":"https:\/\/www.blgjustice.com\/","name":"Brockmeier Law Group","description":"","potentialAction":[{"@type":"SearchAction","target":{"@type":"EntryPoint","urlTemplate":"https:\/\/www.blgjustice.com\/?s={search_term_string}"},"query-input":{"@type":"PropertyValueSpecification","valueRequired":true,"valueName":"search_term_string"}}],"inLanguage":"es"}]}},"_links":{"self":[{"href":"https:\/\/blgjustice.com\/es\/wp-json\/wp\/v2\/pages\/255"}],"collection":[{"href":"https:\/\/blgjustice.com\/es\/wp-json\/wp\/v2\/pages"}],"about":[{"href":"https:\/\/blgjustice.com\/es\/wp-json\/wp\/v2\/types\/page"}],"author":[{"embeddable":true,"href":"https:\/\/blgjustice.com\/es\/wp-json\/wp\/v2\/users\/1"}],"replies":[{"embeddable":true,"href":"https:\/\/blgjustice.com\/es\/wp-json\/wp\/v2\/comments?post=255"}],"version-history":[{"count":2,"href":"https:\/\/blgjustice.com\/es\/wp-json\/wp\/v2\/pages\/255\/revisions"}],"predecessor-version":[{"id":552,"href":"https:\/\/blgjustice.com\/es\/wp-json\/wp\/v2\/pages\/255\/revisions\/552"}],"up":[{"embeddable":true,"href":"https:\/\/blgjustice.com\/es\/wp-json\/wp\/v2\/pages\/85"}],"wp:featuredmedia":[{"embeddable":true,"href":"https:\/\/blgjustice.com\/es\/wp-json\/wp\/v2\/media\/1086"}],"wp:attachment":[{"href":"https:\/\/blgjustice.com\/es\/wp-json\/wp\/v2\/media?parent=255"}],"curies":[{"name":"gracias","href":"https:\/\/api.w.org\/{rel}","templated":true}]}}