{"id":6,"date":"2020-06-03T14:22:33","date_gmt":"2020-06-03T14:22:33","guid":{"rendered":"http:\/\/blgjustice.com\/?page_id=6"},"modified":"2026-01-26T17:41:26","modified_gmt":"2026-01-27T01:41:26","slug":"our-team","status":"publish","type":"page","link":"https:\/\/blgjustice.com\/es\/our-team\/","title":{"rendered":"Nuestro equipo"},"content":{"rendered":"<p>John Brockmeier, Esq., Director de Brockmeier Law Group, se dedica a brindar la mejor experiencia para cada cliente en cada caso. Ofrece compasi\u00f3n y comprensi\u00f3n a los clientes que se ocupan de asuntos cr\u00edticos. Es h\u00e1bil y eficaz en las negociaciones para asegurar que sus clientes reciban los acuerdos y veredictos que merecen.<\/p>\n<h3 class=\"tformnone\">Resultados<\/h3>\n<p>$1,004,279: Resbal\u00f3n y ca\u00edda<br \/>\n$750,000: Responsabilidad de la premisa<br \/>\n$475,000: Muerte por negligencia autom\u00e1tica<br \/>\n$227,242: Responsabilidad de las instalaciones<br \/>\n$269,999.99: Acuerdo y VEREDICTO<br \/>\n$200,000: VEREDICTO<br \/>\n$191,980.30: VEREDICTO<br \/>\n$169,000: VEREDICTO<br \/>\n$167,000: Terminaci\u00f3n injusta<br \/>\n$151,000: Desalojo en represalia<br \/>\n$125,000: Accidente automovil\u00edstico: Auto<br \/>\n$100.000: UIM\/ accidente automovil\u00edstico<br \/>\n$100,000: Autom\u00e1tico vs Autom\u00e1tico<br \/>\n$90.000: Incumplimiento de Habitabilidad<br \/>\n$85,000: Conductores con seguro insuficiente (UIM)<br \/>\n$82,100: Despido Injustificado<br \/>\n$80.000: Incumplimiento de Habitabilidad<br \/>\n$80,000: Incumplimiento de Arrendamiento<br \/>\n$80.000: Incumplimiento de Habitabilidad<br \/>\n$75,000: Incumplimiento del contrato de arrendamiento \/ Represalias<br \/>\n$75,000: Incumplimiento de habitabilidad<br \/>\n$75,000: Responsabilidad Premisa<br \/>\n$70,000: Accidente de mordedura de gato<br \/>\n$62,000: Terminaci\u00f3n injusta<br \/>\n$49,805: Accidente de mordedura de perro<\/p>\n<h3>Afiliaciones<\/h3>\n<p>Asociaci\u00f3n de Abogados de Los \u00c1ngeles<br \/>\nAsociaci\u00f3n de Abogados de California<br \/>\nColegio de Abogados de Santa M\u00f3nica<br \/>\nLATLC, CAALA, OCTLA<br \/>\nDefensores del mill\u00f3n de d\u00f3lares<br \/>\nAlumnos de la Universidad de Maryland<br \/>\nJunta de ex alumnos de la Universidad de Maryland<br \/>\nSociedad de Antiguos Alumnos de la Facultad de Derecho de la Universidad de Pepperdine<\/p>\n<h3>Educaci\u00f3n<\/h3>\n<p>JD, Universidad de Pepperdine<br \/>\nLicenciatura, Universidad de Maryland<\/p>","protected":false},"excerpt":{"rendered":"<p>John Brockmeier, Esq., principal at Brockmeier Law Group, is dedicated to providing the best experience for each client in each case. He offers compassion and understanding for clients dealing with critical matters. He is skillful and effective in negations to ensure that his clients receive the settlements and verdicts they deserve. Results $1,004,279: Slip and [&hellip;]<\/p>\n","protected":false},"author":1,"featured_media":0,"parent":0,"menu_order":0,"comment_status":"closed","ping_status":"closed","template":"page-team.php","meta":{"_acf_changed":false,"footnotes":""},"acf":[],"yoast_head":"<!-- This site is optimized with the Yoast SEO plugin v24.5 - https:\/\/yoast.com\/wordpress\/plugins\/seo\/ -->\n<title>Meet Our Team | Brockmeier Law Group | Irvine CA Attorneys<\/title>\n<meta name=\"description\" content=\"Meet the Irvine Attorneys at Brockmeier Law Group. Let our years of experience help you achieve your goals in the courtroom. (310) 425-3431!\" \/>\n<meta name=\"robots\" content=\"index, follow, max-snippet:-1, max-image-preview:large, max-video-preview:-1\" \/>\n<link rel=\"canonical\" href=\"https:\/\/blgjustice.com\/es\/our-team\/\" \/>\n<meta property=\"og:locale\" content=\"es_MX\" \/>\n<meta property=\"og:type\" content=\"article\" \/>\n<meta property=\"og:title\" content=\"Meet Our Team | Brockmeier Law Group | Irvine CA Attorneys\" \/>\n<meta property=\"og:description\" content=\"Meet the Irvine Attorneys at Brockmeier Law Group. Let our years of experience help you achieve your goals in the courtroom. (310) 425-3431!\" \/>\n<meta property=\"og:url\" content=\"https:\/\/blgjustice.com\/es\/our-team\/\" \/>\n<meta property=\"og:site_name\" content=\"Brockmeier Law Group\" \/>\n<meta property=\"article:modified_time\" content=\"2026-01-27T01:41:26+00:00\" \/>\n<meta name=\"twitter:card\" content=\"summary_large_image\" \/>\n<meta name=\"twitter:label1\" content=\"Tiempo de lectura\" \/>\n\t<meta name=\"twitter:data1\" content=\"1 minuto\" \/>\n<script type=\"application\/ld+json\" class=\"yoast-schema-graph\">{\"@context\":\"https:\/\/schema.org\",\"@graph\":[{\"@type\":\"WebPage\",\"@id\":\"https:\/\/blgjustice.com\/our-team\/\",\"url\":\"https:\/\/blgjustice.com\/our-team\/\",\"name\":\"Meet Our Team | Brockmeier Law Group | Irvine CA Attorneys\",\"isPartOf\":{\"@id\":\"https:\/\/www.blgjustice.com\/#website\"},\"datePublished\":\"2020-06-03T14:22:33+00:00\",\"dateModified\":\"2026-01-27T01:41:26+00:00\",\"description\":\"Meet the Irvine Attorneys at Brockmeier Law Group. Let our years of experience help you achieve your goals in the courtroom. (310) 425-3431!\",\"breadcrumb\":{\"@id\":\"https:\/\/blgjustice.com\/our-team\/#breadcrumb\"},\"inLanguage\":\"es\",\"potentialAction\":[{\"@type\":\"ReadAction\",\"target\":[\"https:\/\/blgjustice.com\/our-team\/\"]}]},{\"@type\":\"BreadcrumbList\",\"@id\":\"https:\/\/blgjustice.com\/our-team\/#breadcrumb\",\"itemListElement\":[{\"@type\":\"ListItem\",\"position\":1,\"name\":\"Home\",\"item\":\"https:\/\/www.blgjustice.com\/\"},{\"@type\":\"ListItem\",\"position\":2,\"name\":\"Our Team\"}]},{\"@type\":\"WebSite\",\"@id\":\"https:\/\/www.blgjustice.com\/#website\",\"url\":\"https:\/\/www.blgjustice.com\/\",\"name\":\"Brockmeier Law Group\",\"description\":\"\",\"potentialAction\":[{\"@type\":\"SearchAction\",\"target\":{\"@type\":\"EntryPoint\",\"urlTemplate\":\"https:\/\/www.blgjustice.com\/?s={search_term_string}\"},\"query-input\":{\"@type\":\"PropertyValueSpecification\",\"valueRequired\":true,\"valueName\":\"search_term_string\"}}],\"inLanguage\":\"es\"}]}<\/script>\n<!-- \/ Yoast SEO plugin. -->","yoast_head_json":{"title":"Conozca a nuestro equipo | Brockmeier Law Group | Abogados de Irvine, CA","description":"Conozca a los abogados de Irvine de Brockmeier Law Group. Permita que nuestros a\u00f1os de experiencia le ayuden a lograr sus objetivos en el tribunal. (310) 425-3431.","robots":{"index":"index","follow":"follow","max-snippet":"max-snippet:-1","max-image-preview":"max-image-preview:large","max-video-preview":"max-video-preview:-1"},"canonical":"https:\/\/blgjustice.com\/es\/our-team\/","og_locale":"es_MX","og_type":"article","og_title":"Meet Our Team | Brockmeier Law Group | Irvine CA Attorneys","og_description":"Meet the Irvine Attorneys at Brockmeier Law Group. Let our years of experience help you achieve your goals in the courtroom. (310) 425-3431!","og_url":"https:\/\/blgjustice.com\/es\/our-team\/","og_site_name":"Brockmeier Law Group","article_modified_time":"2026-01-27T01:41:26+00:00","twitter_card":"summary_large_image","twitter_misc":{"Tiempo de lectura":"1 minuto"},"schema":{"@context":"https:\/\/schema.org","@graph":[{"@type":"WebPage","@id":"https:\/\/blgjustice.com\/our-team\/","url":"https:\/\/blgjustice.com\/our-team\/","name":"Conozca a nuestro equipo | Brockmeier Law Group | Abogados de Irvine, CA","isPartOf":{"@id":"https:\/\/www.blgjustice.com\/#website"},"datePublished":"2020-06-03T14:22:33+00:00","dateModified":"2026-01-27T01:41:26+00:00","description":"Conozca a los abogados de Irvine de Brockmeier Law Group. Permita que nuestros a\u00f1os de experiencia le ayuden a lograr sus objetivos en el tribunal. (310) 425-3431.","breadcrumb":{"@id":"https:\/\/blgjustice.com\/our-team\/#breadcrumb"},"inLanguage":"es","potentialAction":[{"@type":"ReadAction","target":["https:\/\/blgjustice.com\/our-team\/"]}]},{"@type":"BreadcrumbList","@id":"https:\/\/blgjustice.com\/our-team\/#breadcrumb","itemListElement":[{"@type":"ListItem","position":1,"name":"Home","item":"https:\/\/www.blgjustice.com\/"},{"@type":"ListItem","position":2,"name":"Our Team"}]},{"@type":"WebSite","@id":"https:\/\/www.blgjustice.com\/#website","url":"https:\/\/www.blgjustice.com\/","name":"Brockmeier Law Group","description":"","potentialAction":[{"@type":"SearchAction","target":{"@type":"EntryPoint","urlTemplate":"https:\/\/www.blgjustice.com\/?s={search_term_string}"},"query-input":{"@type":"PropertyValueSpecification","valueRequired":true,"valueName":"search_term_string"}}],"inLanguage":"es"}]}},"_links":{"self":[{"href":"https:\/\/blgjustice.com\/es\/wp-json\/wp\/v2\/pages\/6"}],"collection":[{"href":"https:\/\/blgjustice.com\/es\/wp-json\/wp\/v2\/pages"}],"about":[{"href":"https:\/\/blgjustice.com\/es\/wp-json\/wp\/v2\/types\/page"}],"author":[{"embeddable":true,"href":"https:\/\/blgjustice.com\/es\/wp-json\/wp\/v2\/users\/1"}],"replies":[{"embeddable":true,"href":"https:\/\/blgjustice.com\/es\/wp-json\/wp\/v2\/comments?post=6"}],"version-history":[{"count":45,"href":"https:\/\/blgjustice.com\/es\/wp-json\/wp\/v2\/pages\/6\/revisions"}],"predecessor-version":[{"id":1558,"href":"https:\/\/blgjustice.com\/es\/wp-json\/wp\/v2\/pages\/6\/revisions\/1558"}],"wp:attachment":[{"href":"https:\/\/blgjustice.com\/es\/wp-json\/wp\/v2\/media?parent=6"}],"curies":[{"name":"gracias","href":"https:\/\/api.w.org\/{rel}","templated":true}]}}