{"id":8,"date":"2020-06-03T14:22:47","date_gmt":"2020-06-03T14:22:47","guid":{"rendered":"http:\/\/blgjustice.com\/?page_id=8"},"modified":"2021-10-12T15:33:32","modified_gmt":"2021-10-12T15:33:32","slug":"practice-areas","status":"publish","type":"page","link":"https:\/\/blgjustice.com\/es\/practice-areas\/","title":{"rendered":"Areas de pr\u00e1ctica"},"content":{"rendered":"<p>El Brockmeier Law Group (BLG) abri\u00f3 sus puertas en 2009. Comenzamos con el compromiso del contacto personalizado, enfoc\u00e1ndonos en los objetivos individuales de cada cliente mientras abogamos por maximizar su recuperaci\u00f3n. Este \u00e9nfasis le ha otorgado a BLG la oportunidad de tener \u00e9xito en una variedad de casos de litigios y acuerdos. Brockmeier Law Group cumple con el est\u00e1ndar de excelencia en todos los casos. Sabemos lo que se necesita para obtener los resultados que necesitan nuestros clientes. Estamos trabajando duro, todos los d\u00edas, haciendo precisamente eso.<\/p>","protected":false},"excerpt":{"rendered":"<p>The Brockmeier Law Group (BLG) opened its doors in 2009. We began with the commitment of personalized contact, focusing on each client\u2019s individual goals while advocating to maximize their recovery. This emphasis has awarded BLG an opportunity to succeed in a variety of litigation and settlement cases. Brockmeier Law Group meets the standard of excellence [&hellip;]<\/p>\n","protected":false},"author":1,"featured_media":0,"parent":0,"menu_order":0,"comment_status":"closed","ping_status":"closed","template":"","meta":{"_acf_changed":false,"footnotes":""},"acf":[],"yoast_head":"<!-- This site is optimized with the Yoast SEO plugin v24.5 - https:\/\/yoast.com\/wordpress\/plugins\/seo\/ -->\n<title>Practice Areas | The Irvine Personal Injury Attorneys<\/title>\n<meta name=\"description\" content=\"Give our Irvine Personal Injury Attorneys a call today in order to start achieving your goals in the courtroom. You can reach us at (310) 425-3431!\" \/>\n<meta name=\"robots\" content=\"index, follow, max-snippet:-1, max-image-preview:large, max-video-preview:-1\" \/>\n<link rel=\"canonical\" href=\"https:\/\/blgjustice.com\/es\/practice-areas\/\" \/>\n<meta property=\"og:locale\" content=\"es_MX\" \/>\n<meta property=\"og:type\" content=\"article\" \/>\n<meta property=\"og:title\" content=\"Practice Areas | The Irvine Personal Injury Attorneys\" \/>\n<meta property=\"og:description\" content=\"Give our Irvine Personal Injury Attorneys a call today in order to start achieving your goals in the courtroom. You can reach us at (310) 425-3431!\" \/>\n<meta property=\"og:url\" content=\"https:\/\/blgjustice.com\/es\/practice-areas\/\" \/>\n<meta property=\"og:site_name\" content=\"Brockmeier Law Group\" \/>\n<meta property=\"article:modified_time\" content=\"2021-10-12T15:33:32+00:00\" \/>\n<meta name=\"twitter:card\" content=\"summary_large_image\" \/>\n<meta name=\"twitter:label1\" content=\"Tiempo de lectura\" \/>\n\t<meta name=\"twitter:data1\" content=\"1 minuto\" \/>\n<script type=\"application\/ld+json\" class=\"yoast-schema-graph\">{\"@context\":\"https:\/\/schema.org\",\"@graph\":[{\"@type\":\"WebPage\",\"@id\":\"https:\/\/blgjustice.com\/es\/practice-areas\/\",\"url\":\"https:\/\/blgjustice.com\/es\/practice-areas\/\",\"name\":\"Practice Areas | The Irvine Personal Injury Attorneys\",\"isPartOf\":{\"@id\":\"https:\/\/www.blgjustice.com\/#website\"},\"datePublished\":\"2020-06-03T14:22:47+00:00\",\"dateModified\":\"2021-10-12T15:33:32+00:00\",\"description\":\"Give our Irvine Personal Injury Attorneys a call today in order to start achieving your goals in the courtroom. You can reach us at (310) 425-3431!\",\"breadcrumb\":{\"@id\":\"https:\/\/blgjustice.com\/es\/practice-areas\/#breadcrumb\"},\"inLanguage\":\"es\",\"potentialAction\":[{\"@type\":\"ReadAction\",\"target\":[\"https:\/\/blgjustice.com\/es\/practice-areas\/\"]}]},{\"@type\":\"BreadcrumbList\",\"@id\":\"https:\/\/blgjustice.com\/es\/practice-areas\/#breadcrumb\",\"itemListElement\":[{\"@type\":\"ListItem\",\"position\":1,\"name\":\"Home\",\"item\":\"https:\/\/www.blgjustice.com\/\"},{\"@type\":\"ListItem\",\"position\":2,\"name\":\"Practice Areas\"}]},{\"@type\":\"WebSite\",\"@id\":\"https:\/\/www.blgjustice.com\/#website\",\"url\":\"https:\/\/www.blgjustice.com\/\",\"name\":\"Brockmeier Law Group\",\"description\":\"\",\"potentialAction\":[{\"@type\":\"SearchAction\",\"target\":{\"@type\":\"EntryPoint\",\"urlTemplate\":\"https:\/\/www.blgjustice.com\/?s={search_term_string}\"},\"query-input\":{\"@type\":\"PropertyValueSpecification\",\"valueRequired\":true,\"valueName\":\"search_term_string\"}}],\"inLanguage\":\"es\"}]}<\/script>\n<!-- \/ Yoast SEO plugin. -->","yoast_head_json":{"title":"Practice Areas | The Irvine Personal Injury Attorneys","description":"Llame hoy mismo a nuestros abogados de lesiones personales de Irvine para empezar a lograr sus objetivos en el tribunal. \u00a1Ll\u00e1menos al (310) 425-3431!","robots":{"index":"index","follow":"follow","max-snippet":"max-snippet:-1","max-image-preview":"max-image-preview:large","max-video-preview":"max-video-preview:-1"},"canonical":"https:\/\/blgjustice.com\/es\/practice-areas\/","og_locale":"es_MX","og_type":"article","og_title":"Practice Areas | The Irvine Personal Injury Attorneys","og_description":"Give our Irvine Personal Injury Attorneys a call today in order to start achieving your goals in the courtroom. You can reach us at (310) 425-3431!","og_url":"https:\/\/blgjustice.com\/es\/practice-areas\/","og_site_name":"Brockmeier Law Group","article_modified_time":"2021-10-12T15:33:32+00:00","twitter_card":"summary_large_image","twitter_misc":{"Tiempo de lectura":"1 minuto"},"schema":{"@context":"https:\/\/schema.org","@graph":[{"@type":"WebPage","@id":"https:\/\/blgjustice.com\/es\/practice-areas\/","url":"https:\/\/blgjustice.com\/es\/practice-areas\/","name":"Practice Areas | The Irvine Personal Injury Attorneys","isPartOf":{"@id":"https:\/\/www.blgjustice.com\/#website"},"datePublished":"2020-06-03T14:22:47+00:00","dateModified":"2021-10-12T15:33:32+00:00","description":"Llame hoy mismo a nuestros abogados de lesiones personales de Irvine para empezar a lograr sus objetivos en el tribunal. \u00a1Ll\u00e1menos al (310) 425-3431!","breadcrumb":{"@id":"https:\/\/blgjustice.com\/es\/practice-areas\/#breadcrumb"},"inLanguage":"es","potentialAction":[{"@type":"ReadAction","target":["https:\/\/blgjustice.com\/es\/practice-areas\/"]}]},{"@type":"BreadcrumbList","@id":"https:\/\/blgjustice.com\/es\/practice-areas\/#breadcrumb","itemListElement":[{"@type":"ListItem","position":1,"name":"Home","item":"https:\/\/www.blgjustice.com\/"},{"@type":"ListItem","position":2,"name":"Practice Areas"}]},{"@type":"WebSite","@id":"https:\/\/www.blgjustice.com\/#website","url":"https:\/\/www.blgjustice.com\/","name":"Brockmeier Law Group","description":"","potentialAction":[{"@type":"SearchAction","target":{"@type":"EntryPoint","urlTemplate":"https:\/\/www.blgjustice.com\/?s={search_term_string}"},"query-input":{"@type":"PropertyValueSpecification","valueRequired":true,"valueName":"search_term_string"}}],"inLanguage":"es"}]}},"_links":{"self":[{"href":"https:\/\/blgjustice.com\/es\/wp-json\/wp\/v2\/pages\/8"}],"collection":[{"href":"https:\/\/blgjustice.com\/es\/wp-json\/wp\/v2\/pages"}],"about":[{"href":"https:\/\/blgjustice.com\/es\/wp-json\/wp\/v2\/types\/page"}],"author":[{"embeddable":true,"href":"https:\/\/blgjustice.com\/es\/wp-json\/wp\/v2\/users\/1"}],"replies":[{"embeddable":true,"href":"https:\/\/blgjustice.com\/es\/wp-json\/wp\/v2\/comments?post=8"}],"version-history":[{"count":3,"href":"https:\/\/blgjustice.com\/es\/wp-json\/wp\/v2\/pages\/8\/revisions"}],"predecessor-version":[{"id":768,"href":"https:\/\/blgjustice.com\/es\/wp-json\/wp\/v2\/pages\/8\/revisions\/768"}],"wp:attachment":[{"href":"https:\/\/blgjustice.com\/es\/wp-json\/wp\/v2\/media?parent=8"}],"curies":[{"name":"gracias","href":"https:\/\/api.w.org\/{rel}","templated":true}]}}