{"id":83,"date":"2020-06-04T15:14:13","date_gmt":"2020-06-04T15:14:13","guid":{"rendered":"http:\/\/blgjustice.com\/?page_id=83"},"modified":"2022-09-22T23:11:01","modified_gmt":"2022-09-22T23:11:01","slug":"landlord-and-tenant","status":"publish","type":"page","link":"https:\/\/blgjustice.com\/es\/practice-areas\/landlord-and-tenant\/","title":{"rendered":"Arrendador e inquilino"},"content":{"rendered":"<h3>Abogado de propietarios e inquilinos de California<\/h3>\n<p>Brockmeier Law Group representa a propietarios e inquilinos en litigios de arrendamiento comercial y residencial. En repetidas ocasiones hemos recuperado premios considerables para los inquilinos, asegurando la aplicaci\u00f3n (completa \/ adecuada) de sus derechos legales en California, y tambi\u00e9n hemos luchado en nombre de los propietarios, garantizando relaciones seguras y viables con sus inquilinos. Hemos defendido y procesado detenciones ilegales y casos civiles tanto en tribunales como en arbitrajes, y tenemos el conocimiento y la experiencia para lograr los resultados que nuestros clientes desean y las protecciones a las que tienen derecho en virtud del contrato de arrendamiento y la ley. Las \u00e1reas de especializaci\u00f3n incluyen:<\/p>\n<ul>\n<li><a href=\"http:\/\/blgjustice.com\/es\/breach-of-real-estate-contract-consequences\/\">Incumplimiento de contrato<\/a><\/li>\n<li>Incumplimiento de la garant\u00eda impl\u00edcita de habitabilidad<\/li>\n<li>Violaci\u00f3n del pacto de goce silencioso<\/li>\n<li>Violaci\u00f3n de los requisitos legales de los dep\u00f3sitos de garant\u00eda<\/li>\n<li>Incumplimiento<\/li>\n<li>Falta de pago<\/li>\n<li>Desalojo en represalia<\/li>\n<li>Fraude<\/li>\n<li>Violaci\u00f3n de la secci\u00f3n 296 (c) del C\u00f3digo Penal<\/li>\n<li>Negligencia<\/li>\n<li>Infligir intencional y negligentemente angustia emocional<\/li>\n<li>Medidas cautelares<\/li>\n<li>Detenci\u00f3n ilegal<\/li>\n<\/ul>","protected":false},"excerpt":{"rendered":"<p>California Landlord and Tenant Attorney The Brockmeier Law Group represents landlords and tenants in both commercial and residential lease litigation. We have repeatedly recovered sizable awards for tenants, securing the (full\/proper) enforcement of their statutory rights in California, and have also fought on behalf of landlords, ensuring safe and workable relationships with their tenants. We [&hellip;]<\/p>\n","protected":false},"author":1,"featured_media":179,"parent":8,"menu_order":0,"comment_status":"closed","ping_status":"closed","template":"page-area.php","meta":{"_acf_changed":false,"footnotes":""},"acf":[],"yoast_head":"<!-- This site is optimized with the Yoast SEO plugin v24.5 - https:\/\/yoast.com\/wordpress\/plugins\/seo\/ -->\n<title>Irvine CA Landlord and Tenant Litigation Attorneys<\/title>\n<meta name=\"description\" content=\"Brockmeier Law Group has the experience to achieve the results for our clients, and protections they are entitled to under the Lease and Law.\" \/>\n<meta name=\"robots\" content=\"index, follow, max-snippet:-1, max-image-preview:large, max-video-preview:-1\" \/>\n<link rel=\"canonical\" href=\"https:\/\/blgjustice.com\/es\/practice-areas\/landlord-and-tenant\/\" \/>\n<meta property=\"og:locale\" content=\"es_MX\" \/>\n<meta property=\"og:type\" content=\"article\" \/>\n<meta property=\"og:title\" content=\"Irvine CA Landlord and Tenant Litigation Attorneys\" \/>\n<meta property=\"og:description\" content=\"Brockmeier Law Group has the experience to achieve the results for our clients, and protections they are entitled to under the Lease and Law.\" \/>\n<meta property=\"og:url\" content=\"https:\/\/blgjustice.com\/es\/practice-areas\/landlord-and-tenant\/\" \/>\n<meta property=\"og:site_name\" content=\"Brockmeier Law Group\" \/>\n<meta property=\"article:modified_time\" content=\"2022-09-22T23:11:01+00:00\" \/>\n<meta property=\"og:image\" content=\"https:\/\/blgjustice.com\/wp-content\/uploads\/2020\/06\/img-prac-landlord.jpg\" \/>\n\t<meta property=\"og:image:width\" content=\"964\" \/>\n\t<meta property=\"og:image:height\" content=\"401\" \/>\n\t<meta property=\"og:image:type\" content=\"image\/jpeg\" \/>\n<meta name=\"twitter:card\" content=\"summary_large_image\" \/>\n<meta name=\"twitter:label1\" content=\"Tiempo de lectura\" \/>\n\t<meta name=\"twitter:data1\" content=\"1 minuto\" \/>\n<script type=\"application\/ld+json\" class=\"yoast-schema-graph\">{\"@context\":\"https:\/\/schema.org\",\"@graph\":[{\"@type\":\"WebPage\",\"@id\":\"https:\/\/blgjustice.com\/es\/practice-areas\/landlord-and-tenant\/\",\"url\":\"https:\/\/blgjustice.com\/es\/practice-areas\/landlord-and-tenant\/\",\"name\":\"Irvine CA Landlord and Tenant Litigation Attorneys\",\"isPartOf\":{\"@id\":\"https:\/\/www.blgjustice.com\/#website\"},\"primaryImageOfPage\":{\"@id\":\"https:\/\/blgjustice.com\/es\/practice-areas\/landlord-and-tenant\/#primaryimage\"},\"image\":{\"@id\":\"https:\/\/blgjustice.com\/es\/practice-areas\/landlord-and-tenant\/#primaryimage\"},\"thumbnailUrl\":\"https:\/\/blgjustice.com\/wp-content\/uploads\/2020\/06\/img-prac-landlord.jpg\",\"datePublished\":\"2020-06-04T15:14:13+00:00\",\"dateModified\":\"2022-09-22T23:11:01+00:00\",\"description\":\"Brockmeier Law Group has the experience to achieve the results for our clients, and protections they are entitled to under the Lease and Law.\",\"breadcrumb\":{\"@id\":\"https:\/\/blgjustice.com\/es\/practice-areas\/landlord-and-tenant\/#breadcrumb\"},\"inLanguage\":\"es\",\"potentialAction\":[{\"@type\":\"ReadAction\",\"target\":[\"https:\/\/blgjustice.com\/es\/practice-areas\/landlord-and-tenant\/\"]}]},{\"@type\":\"ImageObject\",\"inLanguage\":\"es\",\"@id\":\"https:\/\/blgjustice.com\/es\/practice-areas\/landlord-and-tenant\/#primaryimage\",\"url\":\"https:\/\/blgjustice.com\/wp-content\/uploads\/2020\/06\/img-prac-landlord.jpg\",\"contentUrl\":\"https:\/\/blgjustice.com\/wp-content\/uploads\/2020\/06\/img-prac-landlord.jpg\",\"width\":964,\"height\":401,\"caption\":\"eviction notice\"},{\"@type\":\"BreadcrumbList\",\"@id\":\"https:\/\/blgjustice.com\/es\/practice-areas\/landlord-and-tenant\/#breadcrumb\",\"itemListElement\":[{\"@type\":\"ListItem\",\"position\":1,\"name\":\"Home\",\"item\":\"https:\/\/www.blgjustice.com\/\"},{\"@type\":\"ListItem\",\"position\":2,\"name\":\"Practice Areas\",\"item\":\"https:\/\/blgjustice.com\/es\/practice-areas\/\"},{\"@type\":\"ListItem\",\"position\":3,\"name\":\"Landlord and Tenant\"}]},{\"@type\":\"WebSite\",\"@id\":\"https:\/\/www.blgjustice.com\/#website\",\"url\":\"https:\/\/www.blgjustice.com\/\",\"name\":\"Brockmeier Law Group\",\"description\":\"\",\"potentialAction\":[{\"@type\":\"SearchAction\",\"target\":{\"@type\":\"EntryPoint\",\"urlTemplate\":\"https:\/\/www.blgjustice.com\/?s={search_term_string}\"},\"query-input\":{\"@type\":\"PropertyValueSpecification\",\"valueRequired\":true,\"valueName\":\"search_term_string\"}}],\"inLanguage\":\"es\"}]}<\/script>\n<!-- \/ Yoast SEO plugin. -->","yoast_head_json":{"title":"Abogados de litigios entre propietarios e inquilinos en Irvine, CA","description":"Brockmeier Law Group tiene la experiencia para lograr los resultados para nuestros clientes y las protecciones a las que tienen derecho seg\u00fan el contrato de arrendamiento y la ley.","robots":{"index":"index","follow":"follow","max-snippet":"max-snippet:-1","max-image-preview":"max-image-preview:large","max-video-preview":"max-video-preview:-1"},"canonical":"https:\/\/blgjustice.com\/es\/practice-areas\/landlord-and-tenant\/","og_locale":"es_MX","og_type":"article","og_title":"Irvine CA Landlord and Tenant Litigation Attorneys","og_description":"Brockmeier Law Group has the experience to achieve the results for our clients, and protections they are entitled to under the Lease and Law.","og_url":"https:\/\/blgjustice.com\/es\/practice-areas\/landlord-and-tenant\/","og_site_name":"Brockmeier Law Group","article_modified_time":"2022-09-22T23:11:01+00:00","og_image":[{"width":964,"height":401,"url":"https:\/\/blgjustice.com\/wp-content\/uploads\/2020\/06\/img-prac-landlord.jpg","type":"image\/jpeg"}],"twitter_card":"summary_large_image","twitter_misc":{"Tiempo de lectura":"1 minuto"},"schema":{"@context":"https:\/\/schema.org","@graph":[{"@type":"WebPage","@id":"https:\/\/blgjustice.com\/es\/practice-areas\/landlord-and-tenant\/","url":"https:\/\/blgjustice.com\/es\/practice-areas\/landlord-and-tenant\/","name":"Abogados de litigios entre propietarios e inquilinos en Irvine, CA","isPartOf":{"@id":"https:\/\/www.blgjustice.com\/#website"},"primaryImageOfPage":{"@id":"https:\/\/blgjustice.com\/es\/practice-areas\/landlord-and-tenant\/#primaryimage"},"image":{"@id":"https:\/\/blgjustice.com\/es\/practice-areas\/landlord-and-tenant\/#primaryimage"},"thumbnailUrl":"https:\/\/blgjustice.com\/wp-content\/uploads\/2020\/06\/img-prac-landlord.jpg","datePublished":"2020-06-04T15:14:13+00:00","dateModified":"2022-09-22T23:11:01+00:00","description":"Brockmeier Law Group tiene la experiencia para lograr los resultados para nuestros clientes y las protecciones a las que tienen derecho seg\u00fan el contrato de arrendamiento y la ley.","breadcrumb":{"@id":"https:\/\/blgjustice.com\/es\/practice-areas\/landlord-and-tenant\/#breadcrumb"},"inLanguage":"es","potentialAction":[{"@type":"ReadAction","target":["https:\/\/blgjustice.com\/es\/practice-areas\/landlord-and-tenant\/"]}]},{"@type":"ImageObject","inLanguage":"es","@id":"https:\/\/blgjustice.com\/es\/practice-areas\/landlord-and-tenant\/#primaryimage","url":"https:\/\/blgjustice.com\/wp-content\/uploads\/2020\/06\/img-prac-landlord.jpg","contentUrl":"https:\/\/blgjustice.com\/wp-content\/uploads\/2020\/06\/img-prac-landlord.jpg","width":964,"height":401,"caption":"eviction notice"},{"@type":"BreadcrumbList","@id":"https:\/\/blgjustice.com\/es\/practice-areas\/landlord-and-tenant\/#breadcrumb","itemListElement":[{"@type":"ListItem","position":1,"name":"Home","item":"https:\/\/www.blgjustice.com\/"},{"@type":"ListItem","position":2,"name":"Practice Areas","item":"https:\/\/blgjustice.com\/es\/practice-areas\/"},{"@type":"ListItem","position":3,"name":"Landlord and Tenant"}]},{"@type":"WebSite","@id":"https:\/\/www.blgjustice.com\/#website","url":"https:\/\/www.blgjustice.com\/","name":"Brockmeier Law Group","description":"","potentialAction":[{"@type":"SearchAction","target":{"@type":"EntryPoint","urlTemplate":"https:\/\/www.blgjustice.com\/?s={search_term_string}"},"query-input":{"@type":"PropertyValueSpecification","valueRequired":true,"valueName":"search_term_string"}}],"inLanguage":"es"}]}},"_links":{"self":[{"href":"https:\/\/blgjustice.com\/es\/wp-json\/wp\/v2\/pages\/83"}],"collection":[{"href":"https:\/\/blgjustice.com\/es\/wp-json\/wp\/v2\/pages"}],"about":[{"href":"https:\/\/blgjustice.com\/es\/wp-json\/wp\/v2\/types\/page"}],"author":[{"embeddable":true,"href":"https:\/\/blgjustice.com\/es\/wp-json\/wp\/v2\/users\/1"}],"replies":[{"embeddable":true,"href":"https:\/\/blgjustice.com\/es\/wp-json\/wp\/v2\/comments?post=83"}],"version-history":[{"count":6,"href":"https:\/\/blgjustice.com\/es\/wp-json\/wp\/v2\/pages\/83\/revisions"}],"predecessor-version":[{"id":1193,"href":"https:\/\/blgjustice.com\/es\/wp-json\/wp\/v2\/pages\/83\/revisions\/1193"}],"up":[{"embeddable":true,"href":"https:\/\/blgjustice.com\/es\/wp-json\/wp\/v2\/pages\/8"}],"wp:featuredmedia":[{"embeddable":true,"href":"https:\/\/blgjustice.com\/es\/wp-json\/wp\/v2\/media\/179"}],"wp:attachment":[{"href":"https:\/\/blgjustice.com\/es\/wp-json\/wp\/v2\/media?parent=83"}],"curies":[{"name":"gracias","href":"https:\/\/api.w.org\/{rel}","templated":true}]}}